{"id":5477,"date":"2020-01-24T10:29:21","date_gmt":"2020-01-24T09:29:21","guid":{"rendered":"https:\/\/www.denainvoltairehainaut-basket.fr\/wp2016\/?page_id=5477"},"modified":"2024-05-28T10:04:06","modified_gmt":"2024-05-28T08:04:06","slug":"bienvenue-au-complexe","status":"publish","type":"page","link":"https:\/\/www.denainvoltairehainaut-basket.fr\/wp2016\/bienvenue-au-complexe\/","title":{"rendered":"BIENVENUE AU COMPLEXE"},"content":{"rendered":"<p><div class=\"fusion-fullwidth fullwidth-box fusion-builder-row-1 hundred-percent-fullwidth non-hundred-percent-height-scrolling\" style=\"background-color: rgba(255,255,255,0);background-position: center center;background-repeat: no-repeat;padding-top:0px;padding-right:0px;padding-bottom:0px;padding-left:0px;margin-bottom: 0px;margin-top: 0px;border-width: 0px 0px 0px 0px;border-color:#eae9e9;border-style:solid;\" ><div class=\"fusion-builder-row fusion-row\"><div class=\"fusion-layout-column fusion_builder_column fusion-builder-column-0 fusion_builder_column_1_1 1_1 fusion-one-full fusion-column-first fusion-column-last\" style=\"margin-top:0px;margin-bottom:0px;\"><div class=\"fusion-column-wrapper fusion-flex-column-wrapper-legacy\" style=\"background-image: url(&#039;http:\/\/www.denainvoltairehainaut-basket.fr\/wp2016\/wp-content\/uploads\/2016\/07\/page-titleBar-club-1.jpg&#039;);background-position:center center;background-repeat:no-repeat;-webkit-background-size:cover;-moz-background-size:cover;-o-background-size:cover;background-size:cover;padding: 20px 0px 0px 0px;\" data-bg-url=\"http:\/\/www.denainvoltairehainaut-basket.fr\/wp2016\/wp-content\/uploads\/2016\/07\/page-titleBar-club-1.jpg\"><style type=\"text\/css\"><\/style><div class=\"fusion-title title fusion-title-1 fusion-sep-none fusion-title-center fusion-title-text fusion-title-size-six\" style=\"margin-top:0px;margin-bottom:15px;\"><h6 class=\"title-heading-center\" style=\"margin:0;\">COMMENT SE RENDRE AU COMPLEXE ?<\/h6><\/div><div class=\"fusion-clearfix\"><\/div><\/div><\/div><\/div><style type=\"text\/css\">.fusion-fullwidth.fusion-builder-row-1 { overflow:visible; }<\/style><\/div><div class=\"fusion-fullwidth fullwidth-box fusion-builder-row-2 nonhundred-percent-fullwidth non-hundred-percent-height-scrolling\" style=\"background-color: #ffffff;background-position: left top;background-repeat: no-repeat;padding-top:20px;padding-right:20px;padding-bottom:20px;padding-left:20px;margin-bottom: 0px;margin-top: 0px;border-width: 0px 0px 0px 0px;border-color:#eae9e9;border-style:solid;\" ><div class=\"fusion-builder-row fusion-row\"><div class=\"fusion-layout-column fusion_builder_column fusion-builder-column-1 fusion_builder_column_1_1 1_1 fusion-one-full fusion-column-first fusion-column-last\" style=\"margin-top:0px;margin-bottom:0px;\"><div class=\"fusion-column-wrapper fusion-flex-column-wrapper-legacy\" style=\"background-position:left top;background-repeat:no-repeat;-webkit-background-size:cover;-moz-background-size:cover;-o-background-size:cover;background-size:cover;background-color:#ffffff;padding: 0px 0px 0px 0px;\"><div class=\"fusion-text fusion-text-1\"><p><strong>\u00c0 pied\u00a0<\/strong><\/p>\n<p>Se situant \u00e0 moins de dix minutes \u00e0 pied du Centre-Ville, c&rsquo;est la mani\u00e8re la plus simple et la plus sportive pour venir supporter les Dragons !<\/p>\n<p><strong>En Tram\u00a0<\/strong><\/p>\n<p>L&rsquo;arr\u00eat et terminus du tram \u00ab\u00a0Espace Villars\u00a0\u00bb se situe \u00e0 quelques minutes \u00e0 pied du Complexe. Il vous offrira la possibilit\u00e9 de vous rendre jusque l&rsquo;antre denaisien de la mani\u00e8re la plus \u00e9cologique possible.<\/p>\n<p><img loading=\"lazy\" class=\"aligncenter wp-image-11291\" src=\"http:\/\/www.denainvoltairehainaut-basket.fr\/wp2016\/wp-content\/uploads\/2024\/05\/centre_denain_XL.png\" alt=\"\" width=\"536\" height=\"536\" srcset=\"https:\/\/www.denainvoltairehainaut-basket.fr\/wp2016\/wp-content\/uploads\/2024\/05\/centre_denain_XL-66x66.png 66w, https:\/\/www.denainvoltairehainaut-basket.fr\/wp2016\/wp-content\/uploads\/2024\/05\/centre_denain_XL-150x150.png 150w, https:\/\/www.denainvoltairehainaut-basket.fr\/wp2016\/wp-content\/uploads\/2024\/05\/centre_denain_XL-200x200.png 200w, https:\/\/www.denainvoltairehainaut-basket.fr\/wp2016\/wp-content\/uploads\/2024\/05\/centre_denain_XL-300x300.png 300w, https:\/\/www.denainvoltairehainaut-basket.fr\/wp2016\/wp-content\/uploads\/2024\/05\/centre_denain_XL-400x400.png 400w, https:\/\/www.denainvoltairehainaut-basket.fr\/wp2016\/wp-content\/uploads\/2024\/05\/centre_denain_XL-600x600.png 600w, https:\/\/www.denainvoltairehainaut-basket.fr\/wp2016\/wp-content\/uploads\/2024\/05\/centre_denain_XL-768x768.png 768w, https:\/\/www.denainvoltairehainaut-basket.fr\/wp2016\/wp-content\/uploads\/2024\/05\/centre_denain_XL-800x800.png 800w, https:\/\/www.denainvoltairehainaut-basket.fr\/wp2016\/wp-content\/uploads\/2024\/05\/centre_denain_XL-1024x1024.png 1024w, https:\/\/www.denainvoltairehainaut-basket.fr\/wp2016\/wp-content\/uploads\/2024\/05\/centre_denain_XL-1200x1200.png 1200w, https:\/\/www.denainvoltairehainaut-basket.fr\/wp2016\/wp-content\/uploads\/2024\/05\/centre_denain_XL.png 1476w\" sizes=\"(max-width: 536px) 100vw, 536px\" \/><\/p>\n<p><strong>En Navette<\/strong><\/p>\n<p>Le Villars Express vous permettra de vous d\u00e9placer dans la ville afin de rejoindre la salle. L&rsquo;arr\u00eat le plus proche \u00ab\u00a0Piscine\u00a0\u00bb se situe \u00e0 seulement deux minutes \u00e0 pied du Complexe.<\/p>\n<p><img loading=\"lazy\" class=\"aligncenter size-full wp-image-11292\" src=\"http:\/\/www.denainvoltairehainaut-basket.fr\/wp2016\/wp-content\/uploads\/2024\/05\/schema_Villars_express.jpg\" alt=\"\" width=\"533\" height=\"418\" srcset=\"https:\/\/www.denainvoltairehainaut-basket.fr\/wp2016\/wp-content\/uploads\/2024\/05\/schema_Villars_express-200x157.jpg 200w, https:\/\/www.denainvoltairehainaut-basket.fr\/wp2016\/wp-content\/uploads\/2024\/05\/schema_Villars_express-300x235.jpg 300w, https:\/\/www.denainvoltairehainaut-basket.fr\/wp2016\/wp-content\/uploads\/2024\/05\/schema_Villars_express-400x314.jpg 400w, https:\/\/www.denainvoltairehainaut-basket.fr\/wp2016\/wp-content\/uploads\/2024\/05\/schema_Villars_express.jpg 533w\" sizes=\"(max-width: 533px) 100vw, 533px\" \/><\/p>\n<p><strong>En Voiture\u00a0<\/strong><\/p>\n<p>Depuis Lille :<\/p>\n<ul>\n<li>Prendre A23 jusqu&rsquo;\u00e0 Petite-For\u00eat<\/li>\n<li>Sortie 11 vers A2 direction Denain<\/li>\n<li>Prendre A2 jusque sortie 18 direction Denain-Centre<\/li>\n<\/ul>\n<p>Depuis Valenciennes :<\/p>\n<ul>\n<li>Prendre A2 jusque sortie 18 direction Denain-Centre<\/li>\n<\/ul>\n<p>Depuis Douai :<\/p>\n<ul>\n<li>Prendre A21 jusque sortie 31 direction Denain<\/li>\n<\/ul>\n<p>Depuis Cambrai :<\/p>\n<ul>\n<li>Prendre A2 jusque sortie 17<\/li>\n<li>Rejoindre A21 jusque sortie 32 direction Denain<\/li>\n<\/ul>\n<\/div><div class=\"fusion-clearfix\"><\/div><\/div><\/div><\/div><\/div><div class=\"fusion-fullwidth fullwidth-box fusion-builder-row-3 hundred-percent-fullwidth non-hundred-percent-height-scrolling\" style=\"background-color: rgba(255,255,255,0);background-position: center center;background-repeat: no-repeat;padding-top:0px;padding-right:0px;padding-bottom:0px;padding-left:0px;margin-bottom: 0px;margin-top: 0px;border-width: 0px 0px 0px 0px;border-color:#eae9e9;border-style:solid;\" ><div class=\"fusion-builder-row fusion-row\"><div class=\"fusion-layout-column fusion_builder_column fusion-builder-column-2 fusion_builder_column_2_3 2_3 fusion-two-third fusion-column-first titre-bloc\" style=\"width:65.3333%; margin-right: 4%;margin-top:0px;margin-bottom:0px;\"><div class=\"fusion-column-wrapper fusion-flex-column-wrapper-legacy\" style=\"background-position:left top;background-repeat:no-repeat;-webkit-background-size:cover;-moz-background-size:cover;-o-background-size:cover;background-size:cover;padding: 0px 20px 0px 20px;\"><style type=\"text\/css\"><\/style><div class=\"fusion-title title fusion-title-2 fusion-sep-none fusion-title-text fusion-title-size-six\" style=\"margin-top:0px;margin-bottom:15px;\"><h6 class=\"title-heading-left\" style=\"margin:0;\">PARTENAIRES<\/h6><\/div><div class=\"fusion-clearfix\"><\/div><\/div><\/div><div class=\"fusion-layout-column fusion_builder_column fusion-builder-column-3 fusion_builder_column_1_1 1_1 fusion-one-full fusion-column-last\" style=\"margin-top:5px;margin-bottom:5px;\"><div class=\"fusion-column-wrapper fusion-flex-column-wrapper-legacy\" style=\"background-position:left top;background-repeat:no-repeat;-webkit-background-size:cover;-moz-background-size:cover;-o-background-size:cover;background-size:cover;background-color:#ffffff;padding: 20px 20px 20px 20px;\"><div class=\"fusion-image-carousel fusion-image-carousel-fixed\"><div class=\"fusion-carousel\" data-autoplay=\"yes\" data-columns=\"6\" data-itemmargin=\"13\" data-itemwidth=\"180\" data-touchscroll=\"no\" data-imagesize=\"fixed\"><div class=\"fusion-carousel-positioner\"><ul class=\"fusion-carousel-holder\"><li class=\"fusion-carousel-item\"><div class=\"fusion-carousel-item-wrapper\"><div class=\"fusion-image-wrapper hover-type-zoomin\"><img width=\"320\" height=\"202\" src=\"https:\/\/www.denainvoltairehainaut-basket.fr\/wp2016\/wp-content\/uploads\/2025\/09\/LaPorteduHainaut2025-320x202.png\" class=\"attachment-blog-medium size-blog-medium\" alt=\"logo CAPH\" loading=\"lazy\" \/><\/div><\/div><\/li><li class=\"fusion-carousel-item\"><div class=\"fusion-carousel-item-wrapper\"><div class=\"fusion-image-wrapper hover-type-zoomin\"><img width=\"167\" height=\"122\" src=\"https:\/\/www.denainvoltairehainaut-basket.fr\/wp2016\/wp-content\/uploads\/2020\/09\/partenaires-nord.jpg\" class=\"attachment-blog-medium size-blog-medium\" alt=\"\" loading=\"lazy\" \/><\/div><\/div><\/li><li class=\"fusion-carousel-item\"><div class=\"fusion-carousel-item-wrapper\"><div class=\"fusion-image-wrapper hover-type-zoomin\"><img width=\"167\" height=\"122\" src=\"https:\/\/www.denainvoltairehainaut-basket.fr\/wp2016\/wp-content\/uploads\/2020\/09\/partenaires-hauts-france.jpg\" class=\"attachment-blog-medium size-blog-medium\" alt=\"\" loading=\"lazy\" \/><\/div><\/div><\/li><li class=\"fusion-carousel-item\"><div class=\"fusion-carousel-item-wrapper\"><div class=\"fusion-image-wrapper hover-type-zoomin\"><img width=\"167\" height=\"122\" src=\"https:\/\/www.denainvoltairehainaut-basket.fr\/wp2016\/wp-content\/uploads\/2020\/09\/partenaires-denain.jpg\" class=\"attachment-blog-medium size-blog-medium\" alt=\"\" loading=\"lazy\" \/><\/div><\/div><\/li><li class=\"fusion-carousel-item\"><div class=\"fusion-carousel-item-wrapper\"><div class=\"fusion-image-wrapper hover-type-zoomin\"><img width=\"320\" height=\"202\" src=\"https:\/\/www.denainvoltairehainaut-basket.fr\/wp2016\/wp-content\/uploads\/2025\/09\/SKF-2408-600x400-1-320x202.jpg\" class=\"attachment-blog-medium size-blog-medium\" alt=\"skf\" loading=\"lazy\" \/><\/div><\/div><\/li><li class=\"fusion-carousel-item\"><div class=\"fusion-carousel-item-wrapper\"><div class=\"fusion-image-wrapper hover-type-zoomin\"><img width=\"320\" height=\"202\" src=\"https:\/\/www.denainvoltairehainaut-basket.fr\/wp2016\/wp-content\/uploads\/2025\/09\/hdf-logo-320x202.jpg\" class=\"attachment-blog-medium size-blog-medium\" alt=\"\" loading=\"lazy\" \/><\/div><\/div><\/li><li class=\"fusion-carousel-item\"><div class=\"fusion-carousel-item-wrapper\"><div class=\"fusion-image-wrapper hover-type-zoomin\"><img width=\"167\" height=\"122\" src=\"https:\/\/www.denainvoltairehainaut-basket.fr\/wp2016\/wp-content\/uploads\/2023\/11\/lesaffre.jpg\" class=\"attachment-blog-medium size-blog-medium\" alt=\"\" loading=\"lazy\" \/><\/div><\/div><\/li><li class=\"fusion-carousel-item\"><div class=\"fusion-carousel-item-wrapper\"><div class=\"fusion-image-wrapper hover-type-zoomin\"><img width=\"167\" height=\"122\" src=\"https:\/\/www.denainvoltairehainaut-basket.fr\/wp2016\/wp-content\/uploads\/2023\/03\/partenaires-tcl.jpg\" class=\"attachment-blog-medium size-blog-medium\" alt=\"\" loading=\"lazy\" \/><\/div><\/div><\/li><li class=\"fusion-carousel-item\"><div class=\"fusion-carousel-item-wrapper\"><div class=\"fusion-image-wrapper hover-type-zoomin\"><img width=\"320\" height=\"77\" src=\"https:\/\/www.denainvoltairehainaut-basket.fr\/wp2016\/wp-content\/uploads\/2025\/09\/logo-terenvinew-320x77.png\" class=\"attachment-blog-medium size-blog-medium\" alt=\"\" loading=\"lazy\" srcset=\"https:\/\/www.denainvoltairehainaut-basket.fr\/wp2016\/wp-content\/uploads\/2025\/09\/logo-terenvinew-200x48.png 200w, https:\/\/www.denainvoltairehainaut-basket.fr\/wp2016\/wp-content\/uploads\/2025\/09\/logo-terenvinew.png 324w\" sizes=\"(min-width: 2200px) 100vw, (min-width: 1000px) 173px, (min-width: 928px) 207px, (min-width: 856px) 259px, (min-width: 784px) 345px, (min-width: 712px) 518px, (min-width: 640px) 712px, \" \/><\/div><\/div><\/li><li class=\"fusion-carousel-item\"><div class=\"fusion-carousel-item-wrapper\"><div class=\"fusion-image-wrapper hover-type-zoomin\"><img width=\"320\" height=\"202\" src=\"https:\/\/www.denainvoltairehainaut-basket.fr\/wp2016\/wp-content\/uploads\/2025\/09\/jean-lefebvre-logo-png-transparent-320x202.png\" class=\"attachment-blog-medium size-blog-medium\" alt=\"\" loading=\"lazy\" \/><\/div><\/div><\/li><\/ul><div class=\"fusion-carousel-nav\"><span class=\"fusion-nav-prev\"><\/span><span class=\"fusion-nav-next\"><\/span><\/div><\/div><\/div><\/div><div class=\"fusion-clearfix\"><\/div><\/div><\/div><\/div><style type=\"text\/css\">.fusion-fullwidth.fusion-builder-row-3 { overflow:visible; }<\/style><\/div><\/p>\n","protected":false},"excerpt":{"rendered":"","protected":false},"author":1,"featured_media":0,"parent":0,"menu_order":0,"comment_status":"closed","ping_status":"closed","template":"","meta":[],"_links":{"self":[{"href":"https:\/\/www.denainvoltairehainaut-basket.fr\/wp2016\/wp-json\/wp\/v2\/pages\/5477"}],"collection":[{"href":"https:\/\/www.denainvoltairehainaut-basket.fr\/wp2016\/wp-json\/wp\/v2\/pages"}],"about":[{"href":"https:\/\/www.denainvoltairehainaut-basket.fr\/wp2016\/wp-json\/wp\/v2\/types\/page"}],"author":[{"embeddable":true,"href":"https:\/\/www.denainvoltairehainaut-basket.fr\/wp2016\/wp-json\/wp\/v2\/users\/1"}],"replies":[{"embeddable":true,"href":"https:\/\/www.denainvoltairehainaut-basket.fr\/wp2016\/wp-json\/wp\/v2\/comments?post=5477"}],"version-history":[{"count":8,"href":"https:\/\/www.denainvoltairehainaut-basket.fr\/wp2016\/wp-json\/wp\/v2\/pages\/5477\/revisions"}],"predecessor-version":[{"id":11298,"href":"https:\/\/www.denainvoltairehainaut-basket.fr\/wp2016\/wp-json\/wp\/v2\/pages\/5477\/revisions\/11298"}],"wp:attachment":[{"href":"https:\/\/www.denainvoltairehainaut-basket.fr\/wp2016\/wp-json\/wp\/v2\/media?parent=5477"}],"curies":[{"name":"wp","href":"https:\/\/api.w.org\/{rel}","templated":true}]}}