{"id":2194,"date":"2017-04-26T16:58:53","date_gmt":"2017-04-26T14:58:53","guid":{"rendered":"http:\/\/www.denainvoltairehainaut-basket.fr\/wp2016\/?page_id=2194"},"modified":"2024-09-11T15:05:17","modified_gmt":"2024-09-11T13:05:17","slug":"code-des-parents","status":"publish","type":"page","link":"https:\/\/www.denainvoltairehainaut-basket.fr\/wp2016\/code-des-parents\/","title":{"rendered":"Code des parents"},"content":{"rendered":"<p><div class=\"fusion-fullwidth fullwidth-box fusion-builder-row-1 hundred-percent-fullwidth non-hundred-percent-height-scrolling\" style=\"background-color: rgba(255,255,255,0);background-position: center center;background-repeat: no-repeat;padding-top:0px;padding-right:0px;padding-bottom:0px;padding-left:0px;margin-bottom: 0px;margin-top: 0px;border-width: 0px 0px 0px 0px;border-color:#eae9e9;border-style:solid;\" ><div class=\"fusion-builder-row fusion-row\"><div class=\"fusion-layout-column fusion_builder_column fusion-builder-column-0 fusion_builder_column_1_1 1_1 fusion-one-full fusion-column-first fusion-column-last\" style=\"margin-top:0px;margin-bottom:0px;\"><div class=\"fusion-column-wrapper fusion-flex-column-wrapper-legacy\" style=\"background-image: url(&#039;http:\/\/www.denainvoltairehainaut-basket.fr\/wp2016\/wp-content\/uploads\/2016\/07\/page-titleBar-club-1.jpg&#039;);background-position:center center;background-repeat:no-repeat;-webkit-background-size:cover;-moz-background-size:cover;-o-background-size:cover;background-size:cover;padding: 20px 0px 0px 0px;\" data-bg-url=\"http:\/\/www.denainvoltairehainaut-basket.fr\/wp2016\/wp-content\/uploads\/2016\/07\/page-titleBar-club-1.jpg\"><style type=\"text\/css\"><\/style><div class=\"fusion-title title fusion-title-1 fusion-sep-none fusion-title-center fusion-title-text fusion-title-size-six\" style=\"margin-top:0px;margin-bottom:15px;\"><h6 class=\"title-heading-center\" style=\"margin:0;\">LE CLUB<\/h6><\/div><div class=\"fusion-clearfix\"><\/div><\/div><\/div><\/div><style type=\"text\/css\">.fusion-fullwidth.fusion-builder-row-1 { overflow:visible; }<\/style><\/div><div class=\"fusion-fullwidth fullwidth-box fusion-builder-row-2 nonhundred-percent-fullwidth non-hundred-percent-height-scrolling\" style=\"background-color: #ffffff;background-position: left top;background-repeat: no-repeat;padding-top:20px;padding-right:20px;padding-bottom:20px;padding-left:20px;margin-bottom: 0px;margin-top: 0px;border-width: 0px 0px 0px 0px;border-color:#eae9e9;border-style:solid;\" ><div class=\"fusion-builder-row fusion-row\"><div class=\"fusion-layout-column fusion_builder_column fusion-builder-column-1 fusion_builder_column_2_3 2_3 fusion-two-third fusion-column-first\" style=\"margin-top:0px;margin-bottom:0px;\"><div class=\"fusion-column-wrapper fusion-flex-column-wrapper-legacy\" style=\"background-position:left top;background-repeat:no-repeat;-webkit-background-size:cover;-moz-background-size:cover;-o-background-size:cover;background-size:cover;background-color:#ffffff;padding: 0px 0px 0px 0px;\"><div class=\"fusion-text fusion-text-1\"><p class=\"p1\"><strong>PARTICIPER<\/strong><\/p>\n<p class=\"p2\">\u2022 Participer \u00e0 la vie du Club,<br \/>\n\u2022 \u00catre pr\u00e9sent aux rencontres de basket de son enfant (Championnat, Tournoi),<br \/>\n\u2022 Participer aux manifestations hors basket qui d\u00e9veloppent l\u2019esprit convivial de notre association (brocantes, lotos, repas, tombolas, etc.).<\/p>\n<p class=\"p1\"><strong>APPORTER<\/strong><\/p>\n<p class=\"p2\">\u2022 Apporter sa contribution au bon fonctionnement du Club,<br \/>\n\u2022 Se former pour tenir la table de marque,<br \/>\n\u2022 Participer de fa\u00e7on r\u00e9guli\u00e8re au transport des enfants,<br \/>\n\u2022 Participer \u00e0 la recherche de sponsors et de m\u00e9c\u00e8nes,<br \/>\n\u2022 Chercher \u00e0 rendre service au Club lors des manifestations sportives,<\/p>\n<p class=\"p1\"><strong>RESPECTER<\/strong><\/p>\n<p class=\"p2\">\u2022 Respecter les s r\u00e8gles de vie du Club,<br \/>\n\u2022 Pr\u00e9venir en cas d\u2019absence de l\u2019enfant \u00e0 l\u2019entra\u00eenement ou au match,<br \/>\n\u2022 Respecter les horaires d\u2019entra\u00eenement,<br \/>\n\u2022 Respecter l\u2019entra\u00eeneur, son travail, ses choix,<br \/>\n\u2022 Respecter les d\u00e9cisions de la direction du club,<br \/>\n\u2022 Ne jamais laisser l\u2019enfant seul sans la pr\u00e9sence de l\u2019entra\u00eeneur ou d\u2019un responsable,<br \/>\n\u2022 Respecter les adversaires en toutes circonstances,<br \/>\n\u2022 Respecter les d\u00e9cisions de l\u2019arbitre.<\/p>\n<p class=\"p1\"><span class=\"s1\"><strong>\u00caTRE<\/strong><\/span><\/p>\n<p>\u2022 \u00catre Fair-Play,<br \/>\n\u2022 \u00catre en conformit\u00e9 aux r\u00e8gles du jeu,<br \/>\n\u2022 Refuser toute forme de violence et de tricherie,<br \/>\n\u2022 \u00catre ma\u00eetre de soi en toutes circonstances,<br \/>\n\u2022 \u00catre exemplaire, g\u00e9n\u00e9reux, tol\u00e9rant.<\/p>\n<p class=\"p2\"><strong>NE PAS OUBLIER<\/strong><\/p>\n<p class=\"p1\">\u2022 Que les dirigeants sont tous b\u00e9n\u00e9voles et qu\u2019ils donnent gratuitement de leur temps et de leurs comp\u00e9tences \u00e0 la vie du Club, et donc au service de vos enfants,<br \/>\n\u2022 Que les joueurs ont le droit \u00e0 l\u2019erreur ainsi que l\u2019arbitre,<br \/>\n\u2022 Que les parents spectateurs doivent avoir un comportement exemplaire et doivent laisser leur agressivit\u00e9 \u00e0 la porte des salles,<br \/>\n\u2022 Que les parents spectateurs doivent montrer l\u2019exemple \u00e0 leur enfant.<\/p>\n<p class=\"p1\">Le basket est avant tout un jeu, qui exclut toutes for mes d\u2019hostilit\u00e9 et de conflit .<\/p>\n<p class=\"p2\"><strong>TROUVER<\/strong><\/p>\n<p class=\"p1\">\u2022 Trouver sa place au sein du collectif : chacun un r\u00f4le et un r\u00f4le pour chacun<\/p>\n<p>Par ailleurs, chaque parent a la possibilit\u00e9 de s\u2019engager \u00e0 \u00eatre le r\u00e9f\u00e8rent parent de l\u2019\u00e9quipe de son enfant en faisant acte de candidature aupr\u00e8s de l\u2019entra\u00eeneur. Ce r\u00e9f\u00e8rent sera le lien entre les parents et l\u2019entra\u00eeneur pour toutes les questions concernant l\u2019\u00e9quipe, charge \u00e0 ce dernier de remonter celles qui concernent le responsable sportif ou le dirigeant d\u00e9l\u00e9gu\u00e9.<\/p>\n<\/div><div class=\"fusion-clearfix\"><\/div><\/div><\/div><div class=\"fusion-layout-column fusion_builder_column fusion-builder-column-2 fusion_builder_column_1_3 1_3 fusion-one-third fusion-column-last\" style=\"margin-top:0px;margin-bottom:0px;\"><div class=\"fusion-column-wrapper fusion-flex-column-wrapper-legacy\" style=\"background-position:left top;background-repeat:no-repeat;-webkit-background-size:cover;-moz-background-size:cover;-o-background-size:cover;background-size:cover;background-color:#ffffff;padding: 0px 0px 0px 20px;\"><div class=\"fusion-clearfix\"><\/div><\/div><\/div><\/div><\/div><div class=\"fusion-fullwidth fullwidth-box fusion-builder-row-3 nonhundred-percent-fullwidth non-hundred-percent-height-scrolling\" style=\"background-color: rgba(255,255,255,0);background-position: left top;background-repeat: no-repeat;padding-top:20px;padding-right:0px;padding-bottom:20px;padding-left:0px;margin-bottom: 0px;margin-top: 0px;border-width: 0px 0px 0px 0px;border-color:#eae9e9;border-style:solid;\" ><div class=\"fusion-builder-row fusion-row\"><div class=\"fusion-layout-column fusion_builder_column fusion-builder-column-3 fusion_builder_column_1_4 1_4 fusion-one-fourth fusion-column-first fusion-column-inner-bg-wrapper\" style=\"width:22%; margin-right: 4%;margin-top:5px;margin-bottom:5px;\"><div class=\"fusion-column-wrapper fusion-flex-column-wrapper-legacy\" style=\"padding: 70px 0px 40px 0px;\" data-bg-url=\"http:\/\/www.denainvoltairehainaut-basket.fr\/wp2016\/wp-content\/uploads\/2016\/07\/ui-bg-conference-1.jpg\"><div class=\"fusion-column-content-centered\"><div class=\"fusion-column-content\"><div class=\"fusion-text fusion-text-2\"><h2 style=\"text-align: center;\"><img loading=\"lazy\" class=\"alignnone size-full wp-image-308\" src=\"http:\/\/www.denainvoltairehainaut-basket.fr\/wp2016\/wp-content\/uploads\/2016\/07\/ui-icon-conference-1.png\" alt=\"ui-icon-conference\" width=\"75\" height=\"58\" \/><\/h2>\n<h3 style=\"text-align: center;\">Conf\u00e9rences<\/h3>\n<\/div><\/div><\/div><div class=\"fusion-clearfix\"><\/div><\/div><span class=\"fusion-column-inner-bg hover-type-zoomin\"><a href=\"http:\/\/www.denainvoltairehainaut-basket.fr\/wp2016\/conferences\/\"><span class=\"fusion-column-inner-bg-image\" style=\"background-image: url(&#039;http:\/\/www.denainvoltairehainaut-basket.fr\/wp2016\/wp-content\/uploads\/2016\/07\/ui-bg-conference-1.jpg&#039;);background-position:center center;background-repeat:no-repeat;-webkit-background-size:cover;-moz-background-size:cover;-o-background-size:cover;background-size:cover;\"><\/span><\/a><\/span><\/div><div class=\"fusion-layout-column fusion_builder_column fusion-builder-column-4 fusion_builder_column_1_4 1_4 fusion-one-fourth fusion-column-inner-bg-wrapper\" style=\"width:22%; margin-right: 4%;margin-top:5px;margin-bottom:5px;\"><div class=\"fusion-column-wrapper fusion-flex-column-wrapper-legacy\" style=\"padding: 70px 0px 40px 0px;\" data-bg-url=\"http:\/\/www.denainvoltairehainaut-basket.fr\/wp2016\/wp-content\/uploads\/2016\/07\/ui-bg-equipe-1.jpg\"><div class=\"fusion-column-content-centered\"><div class=\"fusion-column-content\"><div class=\"fusion-text fusion-text-3\"><h2 style=\"text-align: center;\"><img loading=\"lazy\" class=\"alignnone size-full wp-image-309\" src=\"http:\/\/www.denainvoltairehainaut-basket.fr\/wp2016\/wp-content\/uploads\/2016\/07\/ui-icon-equipe-1.png\" alt=\"ui-icon-equipe\" width=\"61\" height=\"61\" \/><\/h2>\n<h3 style=\"text-align: center;\">l&rsquo;Equipe<\/h3>\n<\/div><\/div><\/div><div class=\"fusion-clearfix\"><\/div><\/div><span class=\"fusion-column-inner-bg hover-type-zoomin\"><a href=\"http:\/\/www.denainvoltairehainaut-basket.fr\/wp2016\/pro-b\/\"><span class=\"fusion-column-inner-bg-image\" style=\"background-image: url(&#039;http:\/\/www.denainvoltairehainaut-basket.fr\/wp2016\/wp-content\/uploads\/2016\/07\/ui-bg-equipe-1.jpg&#039;);background-position:center center;background-repeat:no-repeat;-webkit-background-size:cover;-moz-background-size:cover;-o-background-size:cover;background-size:cover;\"><\/span><\/a><\/span><\/div><div class=\"fusion-layout-column fusion_builder_column fusion-builder-column-5 fusion_builder_column_1_4 1_4 fusion-one-fourth fusion-column-inner-bg-wrapper\" style=\"width:22%; margin-right: 4%;margin-top:5px;margin-bottom:5px;\"><div class=\"fusion-column-wrapper fusion-flex-column-wrapper-legacy\" style=\"padding: 70px 0px 40px 0px;\" data-bg-url=\"http:\/\/www.denainvoltairehainaut-basket.fr\/wp2016\/wp-content\/uploads\/2016\/07\/ui-bg-calendrier-1.jpg\"><div class=\"fusion-column-content-centered\"><div class=\"fusion-column-content\"><div class=\"fusion-text fusion-text-4\"><h2 style=\"text-align: center;\"><img loading=\"lazy\" class=\"alignnone size-full wp-image-307\" src=\"http:\/\/www.denainvoltairehainaut-basket.fr\/wp2016\/wp-content\/uploads\/2016\/07\/ui-icon-calendrier-1.png\" alt=\"ui-icon-calendrier\" width=\"55\" height=\"62\" \/><\/h2>\n<h3 style=\"text-align: center;\">Calendrier<\/h3>\n<\/div><\/div><\/div><div class=\"fusion-clearfix\"><\/div><\/div><span class=\"fusion-column-inner-bg hover-type-zoomin\"><a href=\"http:\/\/www.denainvoltairehainaut-basket.fr\/wp2016\/calendrier-de-la-pro-b\/\"><span class=\"fusion-column-inner-bg-image\" style=\"background-image: url(&#039;http:\/\/www.denainvoltairehainaut-basket.fr\/wp2016\/wp-content\/uploads\/2016\/07\/ui-bg-calendrier-1.jpg&#039;);background-position:center center;background-repeat:no-repeat;-webkit-background-size:cover;-moz-background-size:cover;-o-background-size:cover;background-size:cover;\"><\/span><\/a><\/span><\/div><div class=\"fusion-layout-column fusion_builder_column fusion-builder-column-6 fusion_builder_column_1_4 1_4 fusion-one-fourth fusion-column-last fusion-column-inner-bg-wrapper\" style=\"width:22%;margin-top:5px;margin-bottom:5px;\"><div class=\"fusion-column-wrapper fusion-flex-column-wrapper-legacy\" style=\"padding: 70px 0px 40px 0px;\" data-bg-url=\"http:\/\/www.denainvoltairehainaut-basket.fr\/wp2016\/wp-content\/uploads\/2016\/07\/ui-bg-billetterie-1.jpg\"><div class=\"fusion-column-content-centered\"><div class=\"fusion-column-content\"><div class=\"fusion-text fusion-text-5\"><h2 style=\"text-align: center;\"><img loading=\"lazy\" class=\"alignnone size-full wp-image-306\" src=\"http:\/\/www.denainvoltairehainaut-basket.fr\/wp2016\/wp-content\/uploads\/2016\/07\/ui-icon-billetterie-1.png\" alt=\"ui-icon-billetterie\" width=\"76\" height=\"63\" \/><\/h2>\n<h3 style=\"text-align: center;\">Billetterie<\/h3>\n<\/div><\/div><\/div><div class=\"fusion-clearfix\"><\/div><\/div><span class=\"fusion-column-inner-bg hover-type-zoomin\"><a href=\"https:\/\/widget.weezevent.com\/ticket\/0cf97366-8927-415d-810a-5677a3dd49cd?locale=fr-fr\"><span class=\"fusion-column-inner-bg-image\" style=\"background-image: url(&#039;http:\/\/www.denainvoltairehainaut-basket.fr\/wp2016\/wp-content\/uploads\/2016\/07\/ui-bg-billetterie-1.jpg&#039;);background-position:center center;background-repeat:no-repeat;-webkit-background-size:cover;-moz-background-size:cover;-o-background-size:cover;background-size:cover;\"><\/span><\/a><\/span><\/div><\/div><\/div><div class=\"fusion-fullwidth fullwidth-box fusion-builder-row-4 hundred-percent-fullwidth non-hundred-percent-height-scrolling\" style=\"background-color: rgba(255,255,255,0);background-position: center center;background-repeat: no-repeat;padding-top:0px;padding-right:0px;padding-bottom:0px;padding-left:0px;margin-bottom: 0px;margin-top: 0px;border-width: 0px 0px 0px 0px;border-color:#eae9e9;border-style:solid;\" ><div class=\"fusion-builder-row fusion-row\"><div class=\"fusion-layout-column fusion_builder_column fusion-builder-column-7 fusion_builder_column_2_3 2_3 fusion-two-third fusion-column-first titre-bloc\" style=\"width:65.3333%; margin-right: 4%;margin-top:0px;margin-bottom:0px;\"><div class=\"fusion-column-wrapper fusion-flex-column-wrapper-legacy\" style=\"background-position:left top;background-repeat:no-repeat;-webkit-background-size:cover;-moz-background-size:cover;-o-background-size:cover;background-size:cover;padding: 0px 20px 0px 20px;\"><style type=\"text\/css\"><\/style><div class=\"fusion-title title fusion-title-2 fusion-sep-none fusion-title-text fusion-title-size-six\" style=\"margin-top:0px;margin-bottom:15px;\"><h6 class=\"title-heading-left\" style=\"margin:0;\">PARTENAIRES<\/h6><\/div><div class=\"fusion-clearfix\"><\/div><\/div><\/div><div class=\"fusion-layout-column fusion_builder_column fusion-builder-column-8 fusion_builder_column_1_1 1_1 fusion-one-full fusion-column-last\" style=\"margin-top:5px;margin-bottom:5px;\"><div class=\"fusion-column-wrapper fusion-flex-column-wrapper-legacy\" style=\"background-position:left top;background-repeat:no-repeat;-webkit-background-size:cover;-moz-background-size:cover;-o-background-size:cover;background-size:cover;background-color:#ffffff;padding: 20px 20px 20px 20px;\"><div class=\"fusion-image-carousel fusion-image-carousel-fixed\"><div class=\"fusion-carousel\" data-autoplay=\"yes\" data-columns=\"6\" data-itemmargin=\"13\" data-itemwidth=\"180\" data-touchscroll=\"no\" data-imagesize=\"fixed\"><div class=\"fusion-carousel-positioner\"><ul class=\"fusion-carousel-holder\"><li class=\"fusion-carousel-item\"><div class=\"fusion-carousel-item-wrapper\"><div class=\"fusion-image-wrapper hover-type-zoomin\"><img width=\"320\" height=\"202\" src=\"https:\/\/www.denainvoltairehainaut-basket.fr\/wp2016\/wp-content\/uploads\/2025\/09\/LaPorteduHainaut2025-320x202.png\" class=\"attachment-blog-medium size-blog-medium\" alt=\"logo CAPH\" loading=\"lazy\" \/><\/div><\/div><\/li><li class=\"fusion-carousel-item\"><div class=\"fusion-carousel-item-wrapper\"><div class=\"fusion-image-wrapper hover-type-zoomin\"><img width=\"167\" height=\"122\" src=\"https:\/\/www.denainvoltairehainaut-basket.fr\/wp2016\/wp-content\/uploads\/2020\/09\/partenaires-nord.jpg\" class=\"attachment-blog-medium size-blog-medium\" alt=\"\" loading=\"lazy\" \/><\/div><\/div><\/li><li class=\"fusion-carousel-item\"><div class=\"fusion-carousel-item-wrapper\"><div class=\"fusion-image-wrapper hover-type-zoomin\"><img width=\"167\" height=\"122\" src=\"https:\/\/www.denainvoltairehainaut-basket.fr\/wp2016\/wp-content\/uploads\/2020\/09\/partenaires-hauts-france.jpg\" class=\"attachment-blog-medium size-blog-medium\" alt=\"\" loading=\"lazy\" \/><\/div><\/div><\/li><li class=\"fusion-carousel-item\"><div class=\"fusion-carousel-item-wrapper\"><div class=\"fusion-image-wrapper hover-type-zoomin\"><img width=\"167\" height=\"122\" src=\"https:\/\/www.denainvoltairehainaut-basket.fr\/wp2016\/wp-content\/uploads\/2020\/09\/partenaires-denain.jpg\" class=\"attachment-blog-medium size-blog-medium\" alt=\"\" loading=\"lazy\" \/><\/div><\/div><\/li><li class=\"fusion-carousel-item\"><div class=\"fusion-carousel-item-wrapper\"><div class=\"fusion-image-wrapper hover-type-zoomin\"><img width=\"320\" height=\"202\" src=\"https:\/\/www.denainvoltairehainaut-basket.fr\/wp2016\/wp-content\/uploads\/2025\/09\/SKF-2408-600x400-1-320x202.jpg\" class=\"attachment-blog-medium size-blog-medium\" alt=\"skf\" loading=\"lazy\" \/><\/div><\/div><\/li><li class=\"fusion-carousel-item\"><div class=\"fusion-carousel-item-wrapper\"><div class=\"fusion-image-wrapper hover-type-zoomin\"><img width=\"320\" height=\"202\" src=\"https:\/\/www.denainvoltairehainaut-basket.fr\/wp2016\/wp-content\/uploads\/2025\/09\/hdf-logo-320x202.jpg\" class=\"attachment-blog-medium size-blog-medium\" alt=\"\" loading=\"lazy\" \/><\/div><\/div><\/li><li class=\"fusion-carousel-item\"><div class=\"fusion-carousel-item-wrapper\"><div class=\"fusion-image-wrapper hover-type-zoomin\"><img width=\"167\" height=\"122\" src=\"https:\/\/www.denainvoltairehainaut-basket.fr\/wp2016\/wp-content\/uploads\/2023\/11\/lesaffre.jpg\" class=\"attachment-blog-medium size-blog-medium\" alt=\"\" loading=\"lazy\" \/><\/div><\/div><\/li><li class=\"fusion-carousel-item\"><div class=\"fusion-carousel-item-wrapper\"><div class=\"fusion-image-wrapper hover-type-zoomin\"><img width=\"167\" height=\"122\" src=\"https:\/\/www.denainvoltairehainaut-basket.fr\/wp2016\/wp-content\/uploads\/2023\/03\/partenaires-tcl.jpg\" class=\"attachment-blog-medium size-blog-medium\" alt=\"\" loading=\"lazy\" \/><\/div><\/div><\/li><li class=\"fusion-carousel-item\"><div class=\"fusion-carousel-item-wrapper\"><div class=\"fusion-image-wrapper hover-type-zoomin\"><img width=\"320\" height=\"77\" src=\"https:\/\/www.denainvoltairehainaut-basket.fr\/wp2016\/wp-content\/uploads\/2025\/09\/logo-terenvinew-320x77.png\" class=\"attachment-blog-medium size-blog-medium\" alt=\"\" loading=\"lazy\" srcset=\"https:\/\/www.denainvoltairehainaut-basket.fr\/wp2016\/wp-content\/uploads\/2025\/09\/logo-terenvinew-200x48.png 200w, https:\/\/www.denainvoltairehainaut-basket.fr\/wp2016\/wp-content\/uploads\/2025\/09\/logo-terenvinew.png 324w\" sizes=\"(min-width: 2200px) 100vw, (min-width: 1000px) 173px, (min-width: 928px) 207px, (min-width: 856px) 259px, (min-width: 784px) 345px, (min-width: 712px) 518px, (min-width: 640px) 712px, \" \/><\/div><\/div><\/li><li class=\"fusion-carousel-item\"><div class=\"fusion-carousel-item-wrapper\"><div class=\"fusion-image-wrapper hover-type-zoomin\"><img width=\"320\" height=\"202\" src=\"https:\/\/www.denainvoltairehainaut-basket.fr\/wp2016\/wp-content\/uploads\/2025\/09\/jean-lefebvre-logo-png-transparent-320x202.png\" class=\"attachment-blog-medium size-blog-medium\" alt=\"\" loading=\"lazy\" \/><\/div><\/div><\/li><\/ul><div class=\"fusion-carousel-nav\"><span class=\"fusion-nav-prev\"><\/span><span class=\"fusion-nav-next\"><\/span><\/div><\/div><\/div><\/div><div class=\"fusion-clearfix\"><\/div><\/div><\/div><\/div><style type=\"text\/css\">.fusion-fullwidth.fusion-builder-row-4 { overflow:visible; }<\/style><\/div><\/p>\n","protected":false},"excerpt":{"rendered":"","protected":false},"author":1,"featured_media":0,"parent":0,"menu_order":0,"comment_status":"closed","ping_status":"closed","template":"","meta":[],"_links":{"self":[{"href":"https:\/\/www.denainvoltairehainaut-basket.fr\/wp2016\/wp-json\/wp\/v2\/pages\/2194"}],"collection":[{"href":"https:\/\/www.denainvoltairehainaut-basket.fr\/wp2016\/wp-json\/wp\/v2\/pages"}],"about":[{"href":"https:\/\/www.denainvoltairehainaut-basket.fr\/wp2016\/wp-json\/wp\/v2\/types\/page"}],"author":[{"embeddable":true,"href":"https:\/\/www.denainvoltairehainaut-basket.fr\/wp2016\/wp-json\/wp\/v2\/users\/1"}],"replies":[{"embeddable":true,"href":"https:\/\/www.denainvoltairehainaut-basket.fr\/wp2016\/wp-json\/wp\/v2\/comments?post=2194"}],"version-history":[{"count":9,"href":"https:\/\/www.denainvoltairehainaut-basket.fr\/wp2016\/wp-json\/wp\/v2\/pages\/2194\/revisions"}],"predecessor-version":[{"id":11474,"href":"https:\/\/www.denainvoltairehainaut-basket.fr\/wp2016\/wp-json\/wp\/v2\/pages\/2194\/revisions\/11474"}],"wp:attachment":[{"href":"https:\/\/www.denainvoltairehainaut-basket.fr\/wp2016\/wp-json\/wp\/v2\/media?parent=2194"}],"curies":[{"name":"wp","href":"https:\/\/api.w.org\/{rel}","templated":true}]}}