{"id":701,"date":"2016-09-16T11:08:50","date_gmt":"2016-09-16T09:08:50","guid":{"rendered":"http:\/\/www.denainvoltairehainaut-basket.fr\/wp2016\/?page_id=701"},"modified":"2025-10-13T09:53:28","modified_gmt":"2025-10-13T07:53:28","slug":"amateurs-et-jeunes","status":"publish","type":"page","link":"http:\/\/www.denainvoltairehainaut-basket.fr\/wp2016\/amateurs-et-jeunes\/","title":{"rendered":"Equipes et R\u00e9f\u00e9rents"},"content":{"rendered":"<p><div class=\"fusion-fullwidth fullwidth-box fusion-builder-row-1 hundred-percent-fullwidth non-hundred-percent-height-scrolling\" style=\"background-color: rgba(255,255,255,0);background-position: center center;background-repeat: no-repeat;padding-top:0px;padding-right:0px;padding-bottom:0px;padding-left:0px;margin-bottom: 0px;margin-top: 0px;border-width: 0px 0px 0px 0px;border-color:#eae9e9;border-style:solid;\" ><div class=\"fusion-builder-row fusion-row\"><div class=\"fusion-layout-column fusion_builder_column fusion-builder-column-0 fusion_builder_column_1_1 1_1 fusion-one-full fusion-column-first fusion-column-last\" style=\"margin-top:0px;margin-bottom:0px;\"><div class=\"fusion-column-wrapper fusion-flex-column-wrapper-legacy\" style=\"background-image: url(&#039;http:\/\/www.denainvoltairehainaut-basket.fr\/wp2016\/wp-content\/uploads\/2016\/07\/page-titleBar-club-1.jpg&#039;);background-position:center center;background-repeat:no-repeat;-webkit-background-size:cover;-moz-background-size:cover;-o-background-size:cover;background-size:cover;padding: 20px 0px 0px 0px;\" data-bg-url=\"http:\/\/www.denainvoltairehainaut-basket.fr\/wp2016\/wp-content\/uploads\/2016\/07\/page-titleBar-club-1.jpg\"><style type=\"text\/css\"><\/style><div class=\"fusion-title title fusion-title-1 fusion-sep-none fusion-title-center fusion-title-text fusion-title-size-six\" style=\"margin-top:0px;margin-bottom:15px;\"><h6 class=\"title-heading-center\" style=\"margin:0;\">EQUIPES ET R\u00c9F\u00c9RENTS AMATEURS \/ JEUNES<\/h6><\/div><div class=\"fusion-clearfix\"><\/div><\/div><\/div><\/div><style type=\"text\/css\">.fusion-fullwidth.fusion-builder-row-1 { overflow:visible; }<\/style><\/div><div class=\"fusion-fullwidth fullwidth-box fusion-builder-row-2 nonhundred-percent-fullwidth non-hundred-percent-height-scrolling\" style=\"background-color: #ffffff;background-position: left top;background-repeat: no-repeat;padding-top:20px;padding-right:20px;padding-bottom:20px;padding-left:20px;margin-bottom: 0px;margin-top: 0px;border-width: 0px 0px 0px 0px;border-color:#eae9e9;border-style:solid;\" ><div class=\"fusion-builder-row fusion-row\"><div class=\"fusion-layout-column fusion_builder_column fusion-builder-column-1 fusion_builder_column_1_1 1_1 fusion-one-full fusion-column-first fusion-column-last\" style=\"margin-top:0px;margin-bottom:0px;\"><div class=\"fusion-column-wrapper fusion-flex-column-wrapper-legacy\" style=\"background-position:left top;background-repeat:no-repeat;-webkit-background-size:cover;-moz-background-size:cover;-o-background-size:cover;background-size:cover;background-color:#ffffff;padding: 0px 0px 0px 0px;\"><div class=\"fusion-text fusion-text-1\"><h2>L&rsquo;ASC Denain Voltaire c&rsquo;est 170 jeunes de 6 \u00e0 20 ans, 14 \u00e9quipes, un centre de formation , des entraineurs dipl\u00f4m\u00e9s !<br \/>\nPour plus de renseignements, n&rsquo;h\u00e9sitez pas \u00e0 contacter notre \u00e9quipe :<\/h2>\n<\/div><div class=\"fusion-clearfix\"><\/div><\/div><\/div><div class=\"fusion-layout-column fusion_builder_column fusion-builder-column-2 fusion_builder_column_1_3 1_3 fusion-one-third fusion-column-first\" style=\"width:30.6666%; margin-right: 4%;margin-top:5px;margin-bottom:5px;\"><div class=\"fusion-column-wrapper fusion-flex-column-wrapper-legacy\" style=\"background-position:left top;background-repeat:no-repeat;-webkit-background-size:cover;-moz-background-size:cover;-o-background-size:cover;background-size:cover;padding: 0px 0px 0px 0px;\"><div class=\"fusion-text fusion-text-2\"><p><strong><span style=\"color: #e30613;\">Responsable Technique<\/span><\/strong><\/p>\n<p>J\u00e9r\u00f4me Desforges<\/p>\n<p>jdesforges@denain-voltaire.fr<\/p>\n<\/div><div class=\"fusion-clearfix\"><\/div><\/div><\/div><div class=\"fusion-layout-column fusion_builder_column fusion-builder-column-3 fusion_builder_column_1_3 1_3 fusion-one-third\" style=\"width:30.6666%; margin-right: 4%;margin-top:5px;margin-bottom:5px;\"><div class=\"fusion-column-wrapper fusion-flex-column-wrapper-legacy\" style=\"background-position:left top;background-repeat:no-repeat;-webkit-background-size:cover;-moz-background-size:cover;-o-background-size:cover;background-size:cover;padding: 0px 0px 0px 0px;\"><div class=\"fusion-text fusion-text-3\"><p><strong><span style=\"color: #e30613;\">Responsable du Centre de Formation<\/span><\/strong><br \/>\nFabrice Pontier<br \/>\nfpontier@denain-voltaire.fr<\/p>\n<\/div><div class=\"fusion-clearfix\"><\/div><\/div><\/div><div class=\"fusion-layout-column fusion_builder_column fusion-builder-column-4 fusion_builder_column_1_3 1_3 fusion-one-third fusion-column-last\" style=\"width:30.6666%;margin-top:5px;margin-bottom:5px;\"><div class=\"fusion-column-wrapper fusion-flex-column-wrapper-legacy\" style=\"background-position:left top;background-repeat:no-repeat;-webkit-background-size:cover;-moz-background-size:cover;-o-background-size:cover;background-size:cover;padding: 0px 0px 0px 0px;\"><div class=\"fusion-text fusion-text-4\"><p><span style=\"color: #e30613;\"><strong>Le lien de gestion<\/strong> <\/span><br \/>\nNathalie Loquet<br \/>\n06 30 93 74 02<br \/>\nolivier.ascdvph@gmail.com<\/p>\n<\/div><div class=\"fusion-clearfix\"><\/div><\/div><\/div><div class=\"fusion-layout-column fusion_builder_column fusion-builder-column-5 fusion_builder_column_1_3 1_3 fusion-one-third fusion-column-first\" style=\"width:30.6666%; margin-right: 4%;margin-top:5px;margin-bottom:5px;\"><div class=\"fusion-column-wrapper fusion-flex-column-wrapper-legacy\" style=\"background-position:left top;background-repeat:no-repeat;-webkit-background-size:cover;-moz-background-size:cover;-o-background-size:cover;background-size:cover;padding: 0px 0px 0px 0px;\"><div class=\"fusion-text fusion-text-5\"><p><span style=\"color: #e30613;\"><strong>Dirigeant d\u00e9l\u00e9gu\u00e9<\/strong> <\/span><br \/>\nDaniel Deglave<br \/>\n07 82 38 33 66<br \/>\ndandelga@hotmail.fr<\/p>\n<\/div><div class=\"fusion-clearfix\"><\/div><\/div><\/div><div class=\"fusion-layout-column fusion_builder_column fusion-builder-column-6 fusion_builder_column_1_1 1_1 fusion-one-full fusion-column-last fusion-column-no-min-height\" style=\"margin-top:0px;margin-bottom:0px;\"><div class=\"fusion-column-wrapper fusion-flex-column-wrapper-legacy\" style=\"background-position:left top;background-repeat:no-repeat;-webkit-background-size:cover;-moz-background-size:cover;-o-background-size:cover;background-size:cover;padding: 0px 0px 0px 0px;\"><div class=\"fusion-sep-clear\"><\/div><div class=\"fusion-separator fusion-full-width-sep\" style=\"margin-left: auto;margin-right: auto;margin-top:10px;margin-bottom:10px;width:100%;\"><div class=\"fusion-separator-border sep-single sep-solid\" style=\"border-color:#000000;border-top-width:1px;\"><\/div><\/div><div class=\"fusion-sep-clear\"><\/div><div class=\"fusion-clearfix\"><\/div><\/div><\/div><div class=\"fusion-layout-column fusion_builder_column fusion-builder-column-7 fusion_builder_column_1_1 1_1 fusion-one-full fusion-column-first fusion-column-last\" style=\"margin-top:0px;margin-bottom:0px;\"><div class=\"fusion-column-wrapper fusion-flex-column-wrapper-legacy\" style=\"background-position:left top;background-repeat:no-repeat;-webkit-background-size:cover;-moz-background-size:cover;-o-background-size:cover;background-size:cover;background-color:#ffffff;padding: 0px 0px 0px 0px;\"><div class=\"fusion-text fusion-text-6\"><h4>R\u00e9f\u00e9rents par \u00e9quipes<\/h4>\n<\/div><div class=\"fusion-clearfix\"><\/div><\/div><\/div><div class=\"fusion-layout-column fusion_builder_column fusion-builder-column-8 fusion_builder_column_1_4 1_4 fusion-one-fourth fusion-column-first\" style=\"width:22%; margin-right: 4%;margin-top:5px;margin-bottom:5px;\"><div class=\"fusion-column-wrapper fusion-flex-column-wrapper-legacy\" style=\"background-position:left top;background-repeat:no-repeat;-webkit-background-size:cover;-moz-background-size:cover;-o-background-size:cover;background-size:cover;padding: 0px 0px 0px 0px;\"><div class=\"fusion-text fusion-text-7\"><p>Pour toute demande d&rsquo;informations o\u00f9 d&rsquo;inscription dans nos \u00e9quipes jeunes, veuillez contacter notre responsable technique<\/p>\n<\/div><div class=\"fusion-clearfix\"><\/div><\/div><\/div><\/div><\/div><div class=\"fusion-fullwidth fullwidth-box fusion-builder-row-3 nonhundred-percent-fullwidth non-hundred-percent-height-scrolling\" style=\"background-color: rgba(255,255,255,0);background-position: left top;background-repeat: no-repeat;padding-top:20px;padding-right:0px;padding-bottom:20px;padding-left:0px;margin-bottom: 0px;margin-top: 0px;border-width: 0px 0px 0px 0px;border-color:#eae9e9;border-style:solid;\" ><div class=\"fusion-builder-row fusion-row\"><div class=\"fusion-layout-column fusion_builder_column fusion-builder-column-9 fusion_builder_column_1_4 1_4 fusion-one-fourth fusion-column-first fusion-column-inner-bg-wrapper\" style=\"width:22%; margin-right: 4%;margin-top:5px;margin-bottom:5px;\"><div class=\"fusion-column-wrapper fusion-flex-column-wrapper-legacy\" style=\"padding: 70px 0px 40px 0px;\" data-bg-url=\"http:\/\/www.denainvoltairehainaut-basket.fr\/wp2016\/wp-content\/uploads\/2016\/07\/ui-bg-equipe-1.jpg\"><div class=\"fusion-column-content-centered\"><div class=\"fusion-column-content\"><div class=\"fusion-text fusion-text-8\"><h2 style=\"text-align: center;\"><img loading=\"lazy\" class=\"alignnone size-full wp-image-309\" src=\"http:\/\/www.denainvoltairehainaut-basket.fr\/wp2016\/wp-content\/uploads\/2016\/07\/ui-icon-equipe-1.png\" alt=\"ui-icon-equipe\" width=\"61\" height=\"61\" \/><\/h2>\n<h3 style=\"text-align: center;\">l&rsquo;Equipe<\/h3>\n<\/div><\/div><\/div><div class=\"fusion-clearfix\"><\/div><\/div><span class=\"fusion-column-inner-bg hover-type-zoomin\"><a href=\"http:\/\/www.denainvoltairehainaut-basket.fr\/wp2016\/pro-b\/\"><span class=\"fusion-column-inner-bg-image\" style=\"background-image: url(&#039;http:\/\/www.denainvoltairehainaut-basket.fr\/wp2016\/wp-content\/uploads\/2016\/07\/ui-bg-equipe-1.jpg&#039;);background-position:center center;background-repeat:no-repeat;-webkit-background-size:cover;-moz-background-size:cover;-o-background-size:cover;background-size:cover;\"><\/span><\/a><\/span><\/div><div class=\"fusion-layout-column fusion_builder_column fusion-builder-column-10 fusion_builder_column_1_4 1_4 fusion-one-fourth fusion-column-inner-bg-wrapper\" style=\"width:22%; margin-right: 4%;margin-top:5px;margin-bottom:5px;\"><div class=\"fusion-column-wrapper fusion-flex-column-wrapper-legacy\" style=\"padding: 70px 0px 40px 0px;\" data-bg-url=\"http:\/\/www.denainvoltairehainaut-basket.fr\/wp2016\/wp-content\/uploads\/2016\/07\/ui-bg-calendrier-1.jpg\"><div class=\"fusion-column-content-centered\"><div class=\"fusion-column-content\"><div class=\"fusion-text fusion-text-9\"><h2 style=\"text-align: center;\"><a href=\"http:\/\/www.denainvoltairehainaut-basket.fr\/wp2016\/calendrier-de-la-pro-b\/\"><img loading=\"lazy\" class=\"alignnone size-full wp-image-307\" src=\"http:\/\/www.denainvoltairehainaut-basket.fr\/wp2016\/wp-content\/uploads\/2016\/07\/ui-icon-calendrier-1.png\" alt=\"ui-icon-calendrier\" width=\"55\" height=\"62\" \/><\/a><\/h2>\n<h3 style=\"text-align: center;\">Calendrier<\/h3>\n<\/div><\/div><\/div><div class=\"fusion-clearfix\"><\/div><\/div><span class=\"fusion-column-inner-bg hover-type-zoomin\"><a href=\"http:\/\/www.denainvoltairehainaut-basket.fr\/wp2016\/calendrier-de-la-pro-b\/\"><span class=\"fusion-column-inner-bg-image\" style=\"background-image: url(&#039;http:\/\/www.denainvoltairehainaut-basket.fr\/wp2016\/wp-content\/uploads\/2016\/07\/ui-bg-calendrier-1.jpg&#039;);background-position:center center;background-repeat:no-repeat;-webkit-background-size:cover;-moz-background-size:cover;-o-background-size:cover;background-size:cover;\"><\/span><\/a><\/span><\/div><div class=\"fusion-layout-column fusion_builder_column fusion-builder-column-11 fusion_builder_column_1_4 1_4 fusion-one-fourth fusion-column-inner-bg-wrapper\" style=\"width:22%; margin-right: 4%;margin-top:5px;margin-bottom:5px;\"><div class=\"fusion-column-wrapper fusion-flex-column-wrapper-legacy\" style=\"padding: 70px 0px 40px 0px;\" data-bg-url=\"http:\/\/www.denainvoltairehainaut-basket.fr\/wp2016\/wp-content\/uploads\/2016\/07\/ui-bg-billetterie-1.jpg\"><div class=\"fusion-column-content-centered\"><div class=\"fusion-column-content\"><div class=\"fusion-text fusion-text-10\"><h2 style=\"text-align: center;\"><img loading=\"lazy\" class=\"alignnone size-full wp-image-306\" src=\"http:\/\/www.denainvoltairehainaut-basket.fr\/wp2016\/wp-content\/uploads\/2016\/07\/ui-icon-billetterie-1.png\" alt=\"ui-icon-billetterie\" width=\"76\" height=\"63\" \/><\/h2>\n<h3 style=\"text-align: center;\">Billetterie<\/h3>\n<\/div><\/div><\/div><div class=\"fusion-clearfix\"><\/div><\/div><span class=\"fusion-column-inner-bg hover-type-zoomin\"><a href=\"https:\/\/widget.weezevent.com\/ticket\/0cf97366-8927-415d-810a-5677a3dd49cd?locale=fr-fr\"><span class=\"fusion-column-inner-bg-image\" style=\"background-image: url(&#039;http:\/\/www.denainvoltairehainaut-basket.fr\/wp2016\/wp-content\/uploads\/2016\/07\/ui-bg-billetterie-1.jpg&#039;);background-position:center center;background-repeat:no-repeat;-webkit-background-size:cover;-moz-background-size:cover;-o-background-size:cover;background-size:cover;\"><\/span><\/a><\/span><\/div><div class=\"fusion-layout-column fusion_builder_column fusion-builder-column-12 fusion_builder_column_1_4 1_4 fusion-one-fourth fusion-column-last fusion-column-inner-bg-wrapper\" style=\"width:22%;margin-top:5px;margin-bottom:5px;\"><div class=\"fusion-column-wrapper fusion-flex-column-wrapper-legacy\" style=\"padding: 70px 0px 40px 0px;\" data-bg-url=\"http:\/\/www.denainvoltairehainaut-basket.fr\/wp2016\/wp-content\/uploads\/2016\/07\/ui-bg-conference-1.jpg\"><div class=\"fusion-column-content-centered\"><div class=\"fusion-column-content\"><div class=\"fusion-text fusion-text-11\"><h2 style=\"text-align: center;\"><img loading=\"lazy\" class=\"alignnone size-full wp-image-308\" src=\"http:\/\/www.denainvoltairehainaut-basket.fr\/wp2016\/wp-content\/uploads\/2016\/07\/ui-icon-conference-1.png\" alt=\"ui-icon-conference\" width=\"75\" height=\"58\" \/><\/h2>\n<h3 style=\"text-align: center;\">Formation<\/h3>\n<\/div><\/div><\/div><div class=\"fusion-clearfix\"><\/div><\/div><span class=\"fusion-column-inner-bg hover-type-zoomin\"><a href=\"http:\/\/www.denainvoltairehainaut-basket.fr\/wp2016\/coaching\/\"><span class=\"fusion-column-inner-bg-image\" style=\"background-image: url(&#039;http:\/\/www.denainvoltairehainaut-basket.fr\/wp2016\/wp-content\/uploads\/2016\/07\/ui-bg-conference-1.jpg&#039;);background-position:center center;background-repeat:no-repeat;-webkit-background-size:cover;-moz-background-size:cover;-o-background-size:cover;background-size:cover;\"><\/span><\/a><\/span><\/div><\/div><\/div><div class=\"fusion-fullwidth fullwidth-box fusion-builder-row-4 hundred-percent-fullwidth non-hundred-percent-height-scrolling\" style=\"background-color: rgba(255,255,255,0);background-position: center center;background-repeat: no-repeat;padding-top:0px;padding-right:0px;padding-bottom:0px;padding-left:0px;margin-bottom: 0px;margin-top: 0px;border-width: 0px 0px 0px 0px;border-color:#eae9e9;border-style:solid;\" ><div class=\"fusion-builder-row fusion-row\"><div class=\"fusion-layout-column fusion_builder_column fusion-builder-column-13 fusion_builder_column_2_3 2_3 fusion-two-third fusion-column-first titre-bloc\" style=\"width:65.3333%; margin-right: 4%;margin-top:0px;margin-bottom:0px;\"><div class=\"fusion-column-wrapper fusion-flex-column-wrapper-legacy\" style=\"background-position:left top;background-repeat:no-repeat;-webkit-background-size:cover;-moz-background-size:cover;-o-background-size:cover;background-size:cover;padding: 0px 20px 0px 20px;\"><style type=\"text\/css\"><\/style><div class=\"fusion-title title fusion-title-2 fusion-sep-none fusion-title-text fusion-title-size-six\" style=\"margin-top:0px;margin-bottom:15px;\"><h6 class=\"title-heading-left\" style=\"margin:0;\">PARTENAIRES<\/h6><\/div><div class=\"fusion-clearfix\"><\/div><\/div><\/div><div class=\"fusion-layout-column fusion_builder_column fusion-builder-column-14 fusion_builder_column_1_1 1_1 fusion-one-full fusion-column-last\" style=\"margin-top:5px;margin-bottom:5px;\"><div class=\"fusion-column-wrapper fusion-flex-column-wrapper-legacy\" style=\"background-position:left top;background-repeat:no-repeat;-webkit-background-size:cover;-moz-background-size:cover;-o-background-size:cover;background-size:cover;background-color:#ffffff;padding: 20px 20px 20px 20px;\"><div class=\"fusion-image-carousel fusion-image-carousel-fixed\"><div class=\"fusion-carousel\" data-autoplay=\"yes\" data-columns=\"6\" data-itemmargin=\"13\" data-itemwidth=\"180\" data-touchscroll=\"no\" data-imagesize=\"fixed\"><div class=\"fusion-carousel-positioner\"><ul class=\"fusion-carousel-holder\"><li class=\"fusion-carousel-item\"><div class=\"fusion-carousel-item-wrapper\"><div class=\"fusion-image-wrapper hover-type-zoomin\"><img width=\"320\" height=\"202\" src=\"http:\/\/www.denainvoltairehainaut-basket.fr\/wp2016\/wp-content\/uploads\/2025\/09\/LaPorteduHainaut2025-320x202.png\" class=\"attachment-blog-medium size-blog-medium\" alt=\"logo CAPH\" loading=\"lazy\" \/><\/div><\/div><\/li><li class=\"fusion-carousel-item\"><div class=\"fusion-carousel-item-wrapper\"><div class=\"fusion-image-wrapper hover-type-zoomin\"><img width=\"167\" height=\"122\" src=\"http:\/\/www.denainvoltairehainaut-basket.fr\/wp2016\/wp-content\/uploads\/2020\/09\/partenaires-nord.jpg\" class=\"attachment-blog-medium size-blog-medium\" alt=\"\" loading=\"lazy\" \/><\/div><\/div><\/li><li class=\"fusion-carousel-item\"><div class=\"fusion-carousel-item-wrapper\"><div class=\"fusion-image-wrapper hover-type-zoomin\"><img width=\"167\" height=\"122\" src=\"http:\/\/www.denainvoltairehainaut-basket.fr\/wp2016\/wp-content\/uploads\/2020\/09\/partenaires-hauts-france.jpg\" class=\"attachment-blog-medium size-blog-medium\" alt=\"\" loading=\"lazy\" \/><\/div><\/div><\/li><li class=\"fusion-carousel-item\"><div class=\"fusion-carousel-item-wrapper\"><div class=\"fusion-image-wrapper hover-type-zoomin\"><img width=\"167\" height=\"122\" src=\"http:\/\/www.denainvoltairehainaut-basket.fr\/wp2016\/wp-content\/uploads\/2020\/09\/partenaires-denain.jpg\" class=\"attachment-blog-medium size-blog-medium\" alt=\"\" loading=\"lazy\" \/><\/div><\/div><\/li><li class=\"fusion-carousel-item\"><div class=\"fusion-carousel-item-wrapper\"><div class=\"fusion-image-wrapper hover-type-zoomin\"><img width=\"320\" height=\"202\" src=\"http:\/\/www.denainvoltairehainaut-basket.fr\/wp2016\/wp-content\/uploads\/2025\/09\/SKF-2408-600x400-1-320x202.jpg\" class=\"attachment-blog-medium size-blog-medium\" alt=\"skf\" loading=\"lazy\" \/><\/div><\/div><\/li><li class=\"fusion-carousel-item\"><div class=\"fusion-carousel-item-wrapper\"><div class=\"fusion-image-wrapper hover-type-zoomin\"><img width=\"320\" height=\"202\" src=\"http:\/\/www.denainvoltairehainaut-basket.fr\/wp2016\/wp-content\/uploads\/2025\/09\/hdf-logo-320x202.jpg\" class=\"attachment-blog-medium size-blog-medium\" alt=\"\" loading=\"lazy\" \/><\/div><\/div><\/li><li class=\"fusion-carousel-item\"><div class=\"fusion-carousel-item-wrapper\"><div class=\"fusion-image-wrapper hover-type-zoomin\"><img width=\"167\" height=\"122\" src=\"http:\/\/www.denainvoltairehainaut-basket.fr\/wp2016\/wp-content\/uploads\/2023\/11\/lesaffre.jpg\" class=\"attachment-blog-medium size-blog-medium\" alt=\"\" loading=\"lazy\" \/><\/div><\/div><\/li><li class=\"fusion-carousel-item\"><div class=\"fusion-carousel-item-wrapper\"><div class=\"fusion-image-wrapper hover-type-zoomin\"><img width=\"167\" height=\"122\" src=\"http:\/\/www.denainvoltairehainaut-basket.fr\/wp2016\/wp-content\/uploads\/2023\/03\/partenaires-tcl.jpg\" class=\"attachment-blog-medium size-blog-medium\" alt=\"\" loading=\"lazy\" \/><\/div><\/div><\/li><li class=\"fusion-carousel-item\"><div class=\"fusion-carousel-item-wrapper\"><div class=\"fusion-image-wrapper hover-type-zoomin\"><img width=\"320\" height=\"77\" src=\"http:\/\/www.denainvoltairehainaut-basket.fr\/wp2016\/wp-content\/uploads\/2025\/09\/logo-terenvinew-320x77.png\" class=\"attachment-blog-medium size-blog-medium\" alt=\"\" loading=\"lazy\" srcset=\"http:\/\/www.denainvoltairehainaut-basket.fr\/wp2016\/wp-content\/uploads\/2025\/09\/logo-terenvinew-200x48.png 200w, http:\/\/www.denainvoltairehainaut-basket.fr\/wp2016\/wp-content\/uploads\/2025\/09\/logo-terenvinew.png 324w\" sizes=\"(min-width: 2200px) 100vw, (min-width: 1000px) 173px, (min-width: 928px) 207px, (min-width: 856px) 259px, (min-width: 784px) 345px, (min-width: 712px) 518px, (min-width: 640px) 712px, \" \/><\/div><\/div><\/li><li class=\"fusion-carousel-item\"><div class=\"fusion-carousel-item-wrapper\"><div class=\"fusion-image-wrapper hover-type-zoomin\"><img width=\"320\" height=\"202\" src=\"http:\/\/www.denainvoltairehainaut-basket.fr\/wp2016\/wp-content\/uploads\/2025\/09\/jean-lefebvre-logo-png-transparent-320x202.png\" class=\"attachment-blog-medium size-blog-medium\" alt=\"\" loading=\"lazy\" \/><\/div><\/div><\/li><\/ul><div class=\"fusion-carousel-nav\"><span class=\"fusion-nav-prev\"><\/span><span class=\"fusion-nav-next\"><\/span><\/div><\/div><\/div><\/div><div class=\"fusion-clearfix\"><\/div><\/div><\/div><\/div><style type=\"text\/css\">.fusion-fullwidth.fusion-builder-row-4 { overflow:visible; }<\/style><\/div><\/p>\n","protected":false},"excerpt":{"rendered":"","protected":false},"author":1,"featured_media":0,"parent":0,"menu_order":0,"comment_status":"closed","ping_status":"closed","template":"","meta":[],"_links":{"self":[{"href":"http:\/\/www.denainvoltairehainaut-basket.fr\/wp2016\/wp-json\/wp\/v2\/pages\/701"}],"collection":[{"href":"http:\/\/www.denainvoltairehainaut-basket.fr\/wp2016\/wp-json\/wp\/v2\/pages"}],"about":[{"href":"http:\/\/www.denainvoltairehainaut-basket.fr\/wp2016\/wp-json\/wp\/v2\/types\/page"}],"author":[{"embeddable":true,"href":"http:\/\/www.denainvoltairehainaut-basket.fr\/wp2016\/wp-json\/wp\/v2\/users\/1"}],"replies":[{"embeddable":true,"href":"http:\/\/www.denainvoltairehainaut-basket.fr\/wp2016\/wp-json\/wp\/v2\/comments?post=701"}],"version-history":[{"count":51,"href":"http:\/\/www.denainvoltairehainaut-basket.fr\/wp2016\/wp-json\/wp\/v2\/pages\/701\/revisions"}],"predecessor-version":[{"id":12671,"href":"http:\/\/www.denainvoltairehainaut-basket.fr\/wp2016\/wp-json\/wp\/v2\/pages\/701\/revisions\/12671"}],"wp:attachment":[{"href":"http:\/\/www.denainvoltairehainaut-basket.fr\/wp2016\/wp-json\/wp\/v2\/media?parent=701"}],"curies":[{"name":"wp","href":"https:\/\/api.w.org\/{rel}","templated":true}]}}