{"id":2190,"date":"2017-04-26T16:49:47","date_gmt":"2017-04-26T14:49:47","guid":{"rendered":"http:\/\/www.denainvoltairehainaut-basket.fr\/wp2016\/?page_id=2190"},"modified":"2024-09-11T15:05:11","modified_gmt":"2024-09-11T13:05:11","slug":"code-de-lentraineur","status":"publish","type":"page","link":"http:\/\/www.denainvoltairehainaut-basket.fr\/wp2016\/code-de-lentraineur\/","title":{"rendered":"Code de l&rsquo;entra\u00eeneur"},"content":{"rendered":"<p><div class=\"fusion-fullwidth fullwidth-box fusion-builder-row-1 hundred-percent-fullwidth non-hundred-percent-height-scrolling\" style=\"background-color: rgba(255,255,255,0);background-position: center center;background-repeat: no-repeat;padding-top:0px;padding-right:0px;padding-bottom:0px;padding-left:0px;margin-bottom: 0px;margin-top: 0px;border-width: 0px 0px 0px 0px;border-color:#eae9e9;border-style:solid;\" ><div class=\"fusion-builder-row fusion-row\"><div class=\"fusion-layout-column fusion_builder_column fusion-builder-column-0 fusion_builder_column_1_1 1_1 fusion-one-full fusion-column-first fusion-column-last\" style=\"margin-top:0px;margin-bottom:0px;\"><div class=\"fusion-column-wrapper fusion-flex-column-wrapper-legacy\" style=\"background-image: url(&#039;http:\/\/www.denainvoltairehainaut-basket.fr\/wp2016\/wp-content\/uploads\/2016\/07\/page-titleBar-club-1.jpg&#039;);background-position:center center;background-repeat:no-repeat;-webkit-background-size:cover;-moz-background-size:cover;-o-background-size:cover;background-size:cover;padding: 20px 0px 0px 0px;\" data-bg-url=\"http:\/\/www.denainvoltairehainaut-basket.fr\/wp2016\/wp-content\/uploads\/2016\/07\/page-titleBar-club-1.jpg\"><style type=\"text\/css\"><\/style><div class=\"fusion-title title fusion-title-1 fusion-sep-none fusion-title-center fusion-title-text fusion-title-size-six\" style=\"margin-top:0px;margin-bottom:15px;\"><h6 class=\"title-heading-center\" style=\"margin:0;\">CODE DE L&rsquo;ENTRA\u00ceNEUR<\/h6><\/div><div class=\"fusion-clearfix\"><\/div><\/div><\/div><\/div><style type=\"text\/css\">.fusion-fullwidth.fusion-builder-row-1 { overflow:visible; }<\/style><\/div><div class=\"fusion-fullwidth fullwidth-box fusion-builder-row-2 nonhundred-percent-fullwidth non-hundred-percent-height-scrolling\" style=\"background-color: #ffffff;background-position: left top;background-repeat: no-repeat;padding-top:20px;padding-right:20px;padding-bottom:20px;padding-left:20px;margin-bottom: 0px;margin-top: 0px;border-width: 0px 0px 0px 0px;border-color:#eae9e9;border-style:solid;\" ><div class=\"fusion-builder-row fusion-row\"><div class=\"fusion-layout-column fusion_builder_column fusion-builder-column-1 fusion_builder_column_2_3 2_3 fusion-two-third fusion-column-first\" style=\"margin-top:0px;margin-bottom:0px;\"><div class=\"fusion-column-wrapper fusion-flex-column-wrapper-legacy\" style=\"background-position:left top;background-repeat:no-repeat;-webkit-background-size:cover;-moz-background-size:cover;-o-background-size:cover;background-size:cover;background-color:#ffffff;padding: 0px 0px 0px 0px;\"><div class=\"fusion-text fusion-text-1\"><p class=\"p1\">La pratique du sport et notamment celle du basket est pour les jeunes un moyen d\u2019\u00e9panouir leur personnalit\u00e9 dans des dispositions sociales et sportives. La t\u00e2che de l\u2019entra\u00eeneur consiste \u00e0 d\u00e9velopper leurs capacit\u00e9s physiques et mentales tout en les int\u00e9grant \u00e0 l\u2019objet principal de sa d\u00e9marche qui est le JEU dans son aspect collectif. L\u2019esprit du jeu doit donc aller de pair avec la bonne int\u00e9gration du jeune et les r\u00e9sultats recherch\u00e9s.<\/p>\n<p class=\"p1\">En acceptant la responsabilit\u00e9 d\u2019une \u00e9quipe, l\u2019entra\u00eeneur prend conscience de ce principe de base et souscrit enti\u00e8rement \u00e0 cette philosophie et aux obligations de sa mission de :<\/p>\n<p class=\"p1\" style=\"text-align: center;\"><strong>Responsable &#8211; Ambassadeur du Club &#8211; \u00c9ducateur &#8211; Organisateur<\/strong><\/p>\n<p class=\"p1\"><span class=\"s1\"><strong>SON ESPRIT<br \/>\n<\/strong><br \/>\n<\/span>1) L\u2019entra\u00eeneur veille \u00e0 ce que chaque jeune sous sa responsabilit\u00e9 re\u00e7oive le m\u00eame enseignement, une attention \u00e9gale et un soutien adapt\u00e9 \u00e0 ses besoins. Il insuffle \u00e0 ses joueurs la confiance en eux n\u00e9cessaire, mais sans sombrer dans l\u2019individualisme ou le m\u00e9pris des adversaires. Les exercices propos\u00e9s sont toujours adapt\u00e9s \u00e0 l\u2019\u00e2ge et aux capacit\u00e9s des joueurs. Il est attentif aux p\u00e9riodes de vuln\u00e9rabilit\u00e9 de l\u2019enfant (croissance, sant\u00e9, \u00e9v\u00e9nements ext\u00e9rieurs, etc.), et adapte son langage et ses attitudes \u00e0 l\u2019\u00e2ge, \u00e0 la maturit\u00e9 et \u00e0 la personnalit\u00e9 de l\u2019enfant.<\/p>\n<p class=\"p1\">2) L\u2019entra\u00eeneur inculque \u00e0 ses joueurs la philosophie du respect des r\u00e8gles, du fair-play sportif. Il est attentif \u00e0 ce que ceux-ci soient respectueux des arbitres et officiels, de leurs adversaires, des autres joueurs et du mat\u00e9riel.<\/p>\n<p class=\"p1\"><span class=\"s1\"><strong>SON ATTITUDE<br \/>\n<\/strong><br \/>\n<\/span>3) L\u2019entra\u00eeneur est lui-m\u00eame courtois, franc et respectueux envers ses partenaires (autres coaches, arbitres, responsables du club, etc.) et envers ses joueurs. Il ne ridiculise pas et n\u2019agresse jamais ni verbalement ni physiquement un arbitre, un joueur ou toute autre personne (m\u00eame si quelqu\u2019un a commis une faute ou n\u2019a pas vraiment correspondu aux attentes dans le jeu). Il v\u00e9hicule l\u2019image du club et son attitude doit \u00eatre positive \u00e0 tous les \u00e9gards.<\/p>\n<p class=\"p1\">4) L\u2019entra\u00eeneur est respectueux du mat\u00e9riel et des installations, veillant \u00e0 leur bon entretien et \u00e0 leur utilisation ad\u00e9quate. Il veille \u00e0 ce qu\u2019ils ne puissent pas constituer un danger pour les joueurs ou les tiers. Il porte un soin particulier au rangement du mat\u00e9riel \u00e0 l\u2019endroit pr\u00e9vu apr\u00e8s chaque entra\u00eenement ou rencontre (ballons dans les casiers, panneaux, c\u00f4nes, cerceaux, etc.)<\/p>\n<p class=\"p2\"><strong>SES MISSIONS<\/strong><\/p>\n<p class=\"p1\">5) L\u2019entra\u00eeneur s\u2019engage \u00e0 \u00e9tablir le projet sportif de son \u00e9quipe avec le coordinateur sportif. Il fait des bilans r\u00e9guliers, il a des entretiens individuels avec ses joueurs, il assiste aux r\u00e9unions d\u2019entra\u00eeneurs organis\u00e9es par son responsable, il fait un bilan de fin de saison afin de pr\u00e9parer la saison suivante, et il coop\u00e8re \u00e0 la communication globale du club.<\/p>\n<p class=\"p1\">6) L\u2019entra\u00eeneur doit organiser, d\u00e8s le d\u00e9but de saison, une r\u00e9union avec les parents de ses joueurs pour leur expliquer le d\u00e9roulement de la saison sportive, et trouver le r\u00e9f\u00e9rent d\u2019\u00e9quipe (s\u2019il n\u2019est pas encore connu) qui l\u2019aide ensuite dans les t\u00e2ches organisationnelles et administratives, relationnelles, et li\u00e9es \u00e0 la communication (comptes rendus de matchs, photos, bilans interm\u00e9diaires, etc.). Un r\u00e9f\u00e9rent parent serait \u00e9galement le bienvenu.<\/p>\n<p class=\"p1\">7) L\u2019entra\u00eeneur s\u2019engage \u00e0 se mettre \u00e0 la disposition du club pour l\u2019ann\u00e9e sportive en cours, aux fins de prodiguer le niveau quantitatif d\u2019entra\u00eenements pr\u00e9vu par la direction du club en d\u00e9but d\u2019ann\u00e9e, et de coacher tout match officiel ou amical selon le programme mis en place par le club. En cas d\u2019emp\u00eachement, il en r\u00e9f\u00e9rera \u00e0 son responsable sportif qui prendra les mesures n\u00e9cessaires \u00e0 son remplacement par un coll\u00e8gue disponible.<\/p>\n<p class=\"p1\">8) L\u2019entra\u00eeneur s\u2019implique dans la diffusion des informations transmises par le club et participera selon ses possibilit\u00e9s aux \u00e9v\u00e8nements festifs (Tournois, notamment&#8230;).<\/p>\n<p class=\"p1\">9) L\u2019entra\u00eeneur se charge de faire appliquer le r\u00e8glement int\u00e9rieur du club.<\/p>\n<p class=\"p1\"><strong>SES RESPONSABILIT\u00c9S<\/strong><\/p>\n<p class=\"p2\">10) L\u2019entra\u00eeneur est responsable de l\u2019organisation des rencontres, officielles et amicales, (convocations, couleur appropri\u00e9e des maillots, trajets des d\u00e9placements, arbitres) et il devra transmettre les r\u00e9sultats des matchs officiels par tous moyens \u00e0 sa convenance.<\/p>\n<p class=\"p2\">11) L\u2019entra\u00eeneur est responsable des amendes inflig\u00e9es au Club au cours de ses rencontres, ainsi que de la perte de ballons, d\u2019\u00e9quipements ou de d\u00e9gradation de mat\u00e9riel caus\u00e9s par lui-m\u00eame ou par ses joueurs.<\/p>\n<p class=\"p2\">12) L\u2019entra\u00eeneur s\u2019assurera de la bonne tenue vestimentaire de ses joueurs (maillots, shorts, chaussures ne servant qu\u2019au basket, absence de bijoux ou montres, etc.), de la conformit\u00e9 des licences. D\u00e8s fin septembre, aucun joueur ne pourra participer aux entra\u00eenements ni aux matchs si sa licence n\u2019est pas valid\u00e9e.<\/p>\n<p class=\"p2\"><strong><span class=\"s1\">SON LIEN AVEC LE CLUB<br \/>\n<\/span><\/strong>13) L\u2019entra\u00eeneur aura \u00e0 coeur d\u2019oeuvrer \u00e0 son perfectionnement sur le plan sportif, mental et p\u00e9dagogique en s\u2019informant des nouvelles techniques, en acqu\u00e9rant de nouvelles connaissances. Le cas \u00e9ch\u00e9ant, il s\u2019engage \u00e0 suivre une formation minimale en vue d\u2019obtenir les dipl\u00f4mes obligatoires pour les saisons futures.<\/p>\n<p class=\"p2\">14) L\u2019entra\u00eeneur d\u2019une \u00e9quipe de l\u2019ASCDVPH rend cette activit\u00e9 prioritaire par rapport \u00e0 toute autre activit\u00e9 exerc\u00e9e \u00e9ventuellement dans un autre club, y compris celle d\u2019entra\u00eeneur ou de joueur, et fait preuve de loyaut\u00e9 \u00e0 l\u2019\u00e9gard du club, en s\u2019employant \u00e0 mettre en oeuvre les directives sportives et administratives.<\/p>\n<p class=\"p2\">15) Dans le cadre de l\u2019ASCDVPH, les r\u00e9f\u00e9rents directs de l\u2019entra\u00eeneur sont le responsable technique d\u00e9sign\u00e9 pour la cat\u00e9gorie sur le plan sportif, et le responsable de la fili\u00e8re non professionnelle, sur le plan administratif et financier.<\/p>\n<p class=\"p2\">Chaque entra\u00eeneur atteste de la mise \u00e0 disposition de ce CODE de L\u2019ENTRA\u00ceNEUR<\/p>\n<\/div><div class=\"fusion-clearfix\"><\/div><\/div><\/div><div class=\"fusion-layout-column fusion_builder_column fusion-builder-column-2 fusion_builder_column_1_3 1_3 fusion-one-third fusion-column-last\" style=\"margin-top:0px;margin-bottom:0px;\"><div class=\"fusion-column-wrapper fusion-flex-column-wrapper-legacy\" style=\"background-position:left top;background-repeat:no-repeat;-webkit-background-size:cover;-moz-background-size:cover;-o-background-size:cover;background-size:cover;background-color:#ffffff;padding: 0px 0px 0px 20px;\"><div class=\"fusion-clearfix\"><\/div><\/div><\/div><\/div><\/div><div class=\"fusion-fullwidth fullwidth-box fusion-builder-row-3 nonhundred-percent-fullwidth non-hundred-percent-height-scrolling\" style=\"background-color: rgba(255,255,255,0);background-position: left top;background-repeat: no-repeat;padding-top:20px;padding-right:0px;padding-bottom:20px;padding-left:0px;margin-bottom: 0px;margin-top: 0px;border-width: 0px 0px 0px 0px;border-color:#eae9e9;border-style:solid;\" ><div class=\"fusion-builder-row fusion-row\"><div class=\"fusion-layout-column fusion_builder_column fusion-builder-column-3 fusion_builder_column_1_4 1_4 fusion-one-fourth fusion-column-first fusion-column-inner-bg-wrapper\" style=\"width:22%; margin-right: 4%;margin-top:5px;margin-bottom:5px;\"><div class=\"fusion-column-wrapper fusion-flex-column-wrapper-legacy\" style=\"padding: 70px 0px 40px 0px;\" data-bg-url=\"http:\/\/www.denainvoltairehainaut-basket.fr\/wp2016\/wp-content\/uploads\/2016\/07\/ui-bg-conference-1.jpg\"><div class=\"fusion-column-content-centered\"><div class=\"fusion-column-content\"><div class=\"fusion-text fusion-text-2\"><h2 style=\"text-align: center;\"><img loading=\"lazy\" class=\"alignnone size-full wp-image-308\" src=\"http:\/\/www.denainvoltairehainaut-basket.fr\/wp2016\/wp-content\/uploads\/2016\/07\/ui-icon-conference-1.png\" alt=\"ui-icon-conference\" width=\"75\" height=\"58\" \/><\/h2>\n<h3 style=\"text-align: center;\">Conf\u00e9rences<\/h3>\n<\/div><\/div><\/div><div class=\"fusion-clearfix\"><\/div><\/div><span class=\"fusion-column-inner-bg hover-type-zoomin\"><a href=\"http:\/\/www.denainvoltairehainaut-basket.fr\/wp2016\/conferences\/\"><span class=\"fusion-column-inner-bg-image\" style=\"background-image: url(&#039;http:\/\/www.denainvoltairehainaut-basket.fr\/wp2016\/wp-content\/uploads\/2016\/07\/ui-bg-conference-1.jpg&#039;);background-position:center center;background-repeat:no-repeat;-webkit-background-size:cover;-moz-background-size:cover;-o-background-size:cover;background-size:cover;\"><\/span><\/a><\/span><\/div><div class=\"fusion-layout-column fusion_builder_column fusion-builder-column-4 fusion_builder_column_1_4 1_4 fusion-one-fourth fusion-column-inner-bg-wrapper\" style=\"width:22%; margin-right: 4%;margin-top:5px;margin-bottom:5px;\"><div class=\"fusion-column-wrapper fusion-flex-column-wrapper-legacy\" style=\"padding: 70px 0px 40px 0px;\" data-bg-url=\"http:\/\/www.denainvoltairehainaut-basket.fr\/wp2016\/wp-content\/uploads\/2016\/07\/ui-bg-equipe-1.jpg\"><div class=\"fusion-column-content-centered\"><div class=\"fusion-column-content\"><div class=\"fusion-text fusion-text-3\"><h2 style=\"text-align: center;\"><img loading=\"lazy\" class=\"alignnone size-full wp-image-309\" src=\"http:\/\/www.denainvoltairehainaut-basket.fr\/wp2016\/wp-content\/uploads\/2016\/07\/ui-icon-equipe-1.png\" alt=\"ui-icon-equipe\" width=\"61\" height=\"61\" \/><\/h2>\n<h3 style=\"text-align: center;\">l&rsquo;Equipe<\/h3>\n<\/div><\/div><\/div><div class=\"fusion-clearfix\"><\/div><\/div><span class=\"fusion-column-inner-bg hover-type-zoomin\"><a href=\"http:\/\/www.denainvoltairehainaut-basket.fr\/wp2016\/pro-b\/\"><span class=\"fusion-column-inner-bg-image\" style=\"background-image: url(&#039;http:\/\/www.denainvoltairehainaut-basket.fr\/wp2016\/wp-content\/uploads\/2016\/07\/ui-bg-equipe-1.jpg&#039;);background-position:center center;background-repeat:no-repeat;-webkit-background-size:cover;-moz-background-size:cover;-o-background-size:cover;background-size:cover;\"><\/span><\/a><\/span><\/div><div class=\"fusion-layout-column fusion_builder_column fusion-builder-column-5 fusion_builder_column_1_4 1_4 fusion-one-fourth fusion-column-inner-bg-wrapper\" style=\"width:22%; margin-right: 4%;margin-top:5px;margin-bottom:5px;\"><div class=\"fusion-column-wrapper fusion-flex-column-wrapper-legacy\" style=\"padding: 70px 0px 40px 0px;\" data-bg-url=\"http:\/\/www.denainvoltairehainaut-basket.fr\/wp2016\/wp-content\/uploads\/2016\/07\/ui-bg-calendrier-1.jpg\"><div class=\"fusion-column-content-centered\"><div class=\"fusion-column-content\"><div class=\"fusion-text fusion-text-4\"><h2 style=\"text-align: center;\"><img loading=\"lazy\" class=\"alignnone size-full wp-image-307\" src=\"http:\/\/www.denainvoltairehainaut-basket.fr\/wp2016\/wp-content\/uploads\/2016\/07\/ui-icon-calendrier-1.png\" alt=\"ui-icon-calendrier\" width=\"55\" height=\"62\" \/><\/h2>\n<h3 style=\"text-align: center;\">Calendrier<\/h3>\n<\/div><\/div><\/div><div class=\"fusion-clearfix\"><\/div><\/div><span class=\"fusion-column-inner-bg hover-type-zoomin\"><a href=\"http:\/\/www.denainvoltairehainaut-basket.fr\/wp2016\/calendrier-de-la-pro-b\/\"><span class=\"fusion-column-inner-bg-image\" style=\"background-image: url(&#039;http:\/\/www.denainvoltairehainaut-basket.fr\/wp2016\/wp-content\/uploads\/2016\/07\/ui-bg-calendrier-1.jpg&#039;);background-position:center center;background-repeat:no-repeat;-webkit-background-size:cover;-moz-background-size:cover;-o-background-size:cover;background-size:cover;\"><\/span><\/a><\/span><\/div><div class=\"fusion-layout-column fusion_builder_column fusion-builder-column-6 fusion_builder_column_1_4 1_4 fusion-one-fourth fusion-column-last fusion-column-inner-bg-wrapper\" style=\"width:22%;margin-top:5px;margin-bottom:5px;\"><div class=\"fusion-column-wrapper fusion-flex-column-wrapper-legacy\" style=\"padding: 70px 0px 40px 0px;\" data-bg-url=\"http:\/\/www.denainvoltairehainaut-basket.fr\/wp2016\/wp-content\/uploads\/2016\/07\/ui-bg-billetterie-1.jpg\"><div class=\"fusion-column-content-centered\"><div class=\"fusion-column-content\"><div class=\"fusion-text fusion-text-5\"><h2 style=\"text-align: center;\"><img loading=\"lazy\" class=\"alignnone size-full wp-image-306\" src=\"http:\/\/www.denainvoltairehainaut-basket.fr\/wp2016\/wp-content\/uploads\/2016\/07\/ui-icon-billetterie-1.png\" alt=\"ui-icon-billetterie\" width=\"76\" height=\"63\" \/><\/h2>\n<h3 style=\"text-align: center;\">Billetterie<\/h3>\n<\/div><\/div><\/div><div class=\"fusion-clearfix\"><\/div><\/div><span class=\"fusion-column-inner-bg hover-type-zoomin\"><a href=\"https:\/\/widget.weezevent.com\/ticket\/0cf97366-8927-415d-810a-5677a3dd49cd?locale=fr-fr\"><span class=\"fusion-column-inner-bg-image\" style=\"background-image: url(&#039;http:\/\/www.denainvoltairehainaut-basket.fr\/wp2016\/wp-content\/uploads\/2016\/07\/ui-bg-billetterie-1.jpg&#039;);background-position:center center;background-repeat:no-repeat;-webkit-background-size:cover;-moz-background-size:cover;-o-background-size:cover;background-size:cover;\"><\/span><\/a><\/span><\/div><\/div><\/div><div class=\"fusion-fullwidth fullwidth-box fusion-builder-row-4 hundred-percent-fullwidth non-hundred-percent-height-scrolling\" style=\"background-color: rgba(255,255,255,0);background-position: center center;background-repeat: no-repeat;padding-top:0px;padding-right:0px;padding-bottom:0px;padding-left:0px;margin-bottom: 0px;margin-top: 0px;border-width: 0px 0px 0px 0px;border-color:#eae9e9;border-style:solid;\" ><div class=\"fusion-builder-row fusion-row\"><div class=\"fusion-layout-column fusion_builder_column fusion-builder-column-7 fusion_builder_column_2_3 2_3 fusion-two-third fusion-column-first titre-bloc\" style=\"width:65.3333%; margin-right: 4%;margin-top:0px;margin-bottom:0px;\"><div class=\"fusion-column-wrapper fusion-flex-column-wrapper-legacy\" style=\"background-position:left top;background-repeat:no-repeat;-webkit-background-size:cover;-moz-background-size:cover;-o-background-size:cover;background-size:cover;padding: 0px 20px 0px 20px;\"><style type=\"text\/css\"><\/style><div class=\"fusion-title title fusion-title-2 fusion-sep-none fusion-title-text fusion-title-size-six\" style=\"margin-top:0px;margin-bottom:15px;\"><h6 class=\"title-heading-left\" style=\"margin:0;\">PARTENAIRES<\/h6><\/div><div class=\"fusion-clearfix\"><\/div><\/div><\/div><div class=\"fusion-layout-column fusion_builder_column fusion-builder-column-8 fusion_builder_column_1_1 1_1 fusion-one-full fusion-column-last\" style=\"margin-top:5px;margin-bottom:5px;\"><div class=\"fusion-column-wrapper fusion-flex-column-wrapper-legacy\" style=\"background-position:left top;background-repeat:no-repeat;-webkit-background-size:cover;-moz-background-size:cover;-o-background-size:cover;background-size:cover;background-color:#ffffff;padding: 20px 20px 20px 20px;\"><div class=\"fusion-image-carousel fusion-image-carousel-fixed\"><div class=\"fusion-carousel\" data-autoplay=\"yes\" data-columns=\"6\" data-itemmargin=\"13\" data-itemwidth=\"180\" data-touchscroll=\"no\" data-imagesize=\"fixed\"><div class=\"fusion-carousel-positioner\"><ul class=\"fusion-carousel-holder\"><li class=\"fusion-carousel-item\"><div class=\"fusion-carousel-item-wrapper\"><div class=\"fusion-image-wrapper hover-type-zoomin\"><img width=\"320\" height=\"202\" src=\"http:\/\/www.denainvoltairehainaut-basket.fr\/wp2016\/wp-content\/uploads\/2025\/09\/LaPorteduHainaut2025-320x202.png\" class=\"attachment-blog-medium size-blog-medium\" alt=\"logo CAPH\" loading=\"lazy\" \/><\/div><\/div><\/li><li class=\"fusion-carousel-item\"><div class=\"fusion-carousel-item-wrapper\"><div class=\"fusion-image-wrapper hover-type-zoomin\"><img width=\"167\" height=\"122\" src=\"http:\/\/www.denainvoltairehainaut-basket.fr\/wp2016\/wp-content\/uploads\/2020\/09\/partenaires-nord.jpg\" class=\"attachment-blog-medium size-blog-medium\" alt=\"\" loading=\"lazy\" \/><\/div><\/div><\/li><li class=\"fusion-carousel-item\"><div class=\"fusion-carousel-item-wrapper\"><div class=\"fusion-image-wrapper hover-type-zoomin\"><img width=\"167\" height=\"122\" src=\"http:\/\/www.denainvoltairehainaut-basket.fr\/wp2016\/wp-content\/uploads\/2020\/09\/partenaires-hauts-france.jpg\" class=\"attachment-blog-medium size-blog-medium\" alt=\"\" loading=\"lazy\" \/><\/div><\/div><\/li><li class=\"fusion-carousel-item\"><div class=\"fusion-carousel-item-wrapper\"><div class=\"fusion-image-wrapper hover-type-zoomin\"><img width=\"167\" height=\"122\" src=\"http:\/\/www.denainvoltairehainaut-basket.fr\/wp2016\/wp-content\/uploads\/2020\/09\/partenaires-denain.jpg\" class=\"attachment-blog-medium size-blog-medium\" alt=\"\" loading=\"lazy\" \/><\/div><\/div><\/li><li class=\"fusion-carousel-item\"><div class=\"fusion-carousel-item-wrapper\"><div class=\"fusion-image-wrapper hover-type-zoomin\"><img width=\"320\" height=\"202\" src=\"http:\/\/www.denainvoltairehainaut-basket.fr\/wp2016\/wp-content\/uploads\/2025\/09\/SKF-2408-600x400-1-320x202.jpg\" class=\"attachment-blog-medium size-blog-medium\" alt=\"skf\" loading=\"lazy\" \/><\/div><\/div><\/li><li class=\"fusion-carousel-item\"><div class=\"fusion-carousel-item-wrapper\"><div class=\"fusion-image-wrapper hover-type-zoomin\"><img width=\"320\" height=\"202\" src=\"http:\/\/www.denainvoltairehainaut-basket.fr\/wp2016\/wp-content\/uploads\/2025\/09\/hdf-logo-320x202.jpg\" class=\"attachment-blog-medium size-blog-medium\" alt=\"\" loading=\"lazy\" \/><\/div><\/div><\/li><li class=\"fusion-carousel-item\"><div class=\"fusion-carousel-item-wrapper\"><div class=\"fusion-image-wrapper hover-type-zoomin\"><img width=\"167\" height=\"122\" src=\"http:\/\/www.denainvoltairehainaut-basket.fr\/wp2016\/wp-content\/uploads\/2023\/11\/lesaffre.jpg\" class=\"attachment-blog-medium size-blog-medium\" alt=\"\" loading=\"lazy\" \/><\/div><\/div><\/li><li class=\"fusion-carousel-item\"><div class=\"fusion-carousel-item-wrapper\"><div class=\"fusion-image-wrapper hover-type-zoomin\"><img width=\"167\" height=\"122\" src=\"http:\/\/www.denainvoltairehainaut-basket.fr\/wp2016\/wp-content\/uploads\/2023\/03\/partenaires-tcl.jpg\" class=\"attachment-blog-medium size-blog-medium\" alt=\"\" loading=\"lazy\" \/><\/div><\/div><\/li><li class=\"fusion-carousel-item\"><div class=\"fusion-carousel-item-wrapper\"><div class=\"fusion-image-wrapper hover-type-zoomin\"><img width=\"320\" height=\"77\" src=\"http:\/\/www.denainvoltairehainaut-basket.fr\/wp2016\/wp-content\/uploads\/2025\/09\/logo-terenvinew-320x77.png\" class=\"attachment-blog-medium size-blog-medium\" alt=\"\" loading=\"lazy\" srcset=\"http:\/\/www.denainvoltairehainaut-basket.fr\/wp2016\/wp-content\/uploads\/2025\/09\/logo-terenvinew-200x48.png 200w, http:\/\/www.denainvoltairehainaut-basket.fr\/wp2016\/wp-content\/uploads\/2025\/09\/logo-terenvinew.png 324w\" sizes=\"(min-width: 2200px) 100vw, (min-width: 1000px) 173px, (min-width: 928px) 207px, (min-width: 856px) 259px, (min-width: 784px) 345px, (min-width: 712px) 518px, (min-width: 640px) 712px, \" \/><\/div><\/div><\/li><li class=\"fusion-carousel-item\"><div class=\"fusion-carousel-item-wrapper\"><div class=\"fusion-image-wrapper hover-type-zoomin\"><img width=\"320\" height=\"202\" src=\"http:\/\/www.denainvoltairehainaut-basket.fr\/wp2016\/wp-content\/uploads\/2025\/09\/jean-lefebvre-logo-png-transparent-320x202.png\" class=\"attachment-blog-medium size-blog-medium\" alt=\"\" loading=\"lazy\" \/><\/div><\/div><\/li><\/ul><div class=\"fusion-carousel-nav\"><span class=\"fusion-nav-prev\"><\/span><span class=\"fusion-nav-next\"><\/span><\/div><\/div><\/div><\/div><div class=\"fusion-clearfix\"><\/div><\/div><\/div><\/div><style type=\"text\/css\">.fusion-fullwidth.fusion-builder-row-4 { overflow:visible; }<\/style><\/div><\/p>\n","protected":false},"excerpt":{"rendered":"","protected":false},"author":1,"featured_media":0,"parent":0,"menu_order":0,"comment_status":"closed","ping_status":"closed","template":"","meta":[],"_links":{"self":[{"href":"http:\/\/www.denainvoltairehainaut-basket.fr\/wp2016\/wp-json\/wp\/v2\/pages\/2190"}],"collection":[{"href":"http:\/\/www.denainvoltairehainaut-basket.fr\/wp2016\/wp-json\/wp\/v2\/pages"}],"about":[{"href":"http:\/\/www.denainvoltairehainaut-basket.fr\/wp2016\/wp-json\/wp\/v2\/types\/page"}],"author":[{"embeddable":true,"href":"http:\/\/www.denainvoltairehainaut-basket.fr\/wp2016\/wp-json\/wp\/v2\/users\/1"}],"replies":[{"embeddable":true,"href":"http:\/\/www.denainvoltairehainaut-basket.fr\/wp2016\/wp-json\/wp\/v2\/comments?post=2190"}],"version-history":[{"count":13,"href":"http:\/\/www.denainvoltairehainaut-basket.fr\/wp2016\/wp-json\/wp\/v2\/pages\/2190\/revisions"}],"predecessor-version":[{"id":11473,"href":"http:\/\/www.denainvoltairehainaut-basket.fr\/wp2016\/wp-json\/wp\/v2\/pages\/2190\/revisions\/11473"}],"wp:attachment":[{"href":"http:\/\/www.denainvoltairehainaut-basket.fr\/wp2016\/wp-json\/wp\/v2\/media?parent=2190"}],"curies":[{"name":"wp","href":"https:\/\/api.w.org\/{rel}","templated":true}]}}