{"id":10409,"date":"2023-09-25T09:48:01","date_gmt":"2023-09-25T07:48:01","guid":{"rendered":"http:\/\/www.denainvoltairehainaut-basket.fr\/wp2016\/?page_id=10409"},"modified":"2023-09-25T12:45:32","modified_gmt":"2023-09-25T10:45:32","slug":"deplacement-lille-denain","status":"publish","type":"page","link":"http:\/\/www.denainvoltairehainaut-basket.fr\/wp2016\/deplacement-lille-denain\/","title":{"rendered":"D\u00c9PLACEMENT : LILLE \/ DENAIN"},"content":{"rendered":"<p><div class=\"fusion-fullwidth fullwidth-box fusion-builder-row-1 nonhundred-percent-fullwidth non-hundred-percent-height-scrolling\" style=\"background-color: rgba(255,255,255,0);background-position: center center;background-repeat: no-repeat;padding-top:0px;padding-right:0px;padding-bottom:0px;padding-left:0px;margin-bottom: 0px;margin-top: 0px;border-width: 0px 0px 0px 0px;border-color:#eae9e9;border-style:solid;\" ><div class=\"fusion-builder-row fusion-row\"><div class=\"fusion-layout-column fusion_builder_column fusion-builder-column-0 fusion_builder_column_1_1 1_1 fusion-one-full fusion-column-first fusion-column-last\" style=\"margin-top:5px;margin-bottom:5px;\"><div class=\"fusion-column-wrapper fusion-flex-column-wrapper-legacy\" style=\"background-position:left top;background-repeat:no-repeat;-webkit-background-size:cover;-moz-background-size:cover;-o-background-size:cover;background-size:cover;padding: 0px 0px 0px 0px;\"><div class=\"fusion-clearfix\"><\/div><\/div><\/div><\/div><\/div><div class=\"fusion-fullwidth fullwidth-box fusion-builder-row-2 hundred-percent-fullwidth non-hundred-percent-height-scrolling\" style=\"background-color: rgba(255,255,255,0);background-position: center center;background-repeat: no-repeat;padding-top:0px;padding-right:0px;padding-bottom:0px;padding-left:0px;margin-bottom: 0px;margin-top: 0px;border-width: 0px 0px 0px 0px;border-color:#eae9e9;border-style:solid;\" ><div class=\"fusion-builder-row fusion-row\"><div class=\"fusion-layout-column fusion_builder_column fusion-builder-column-1 fusion_builder_column_1_1 1_1 fusion-one-full fusion-column-first fusion-column-last\" style=\"margin-top:0px;margin-bottom:0px;\"><div class=\"fusion-column-wrapper fusion-flex-column-wrapper-legacy\" style=\"background-position:center center;background-repeat:no-repeat;-webkit-background-size:cover;-moz-background-size:cover;-o-background-size:cover;background-size:cover;background-color:#000000;padding: 20px 0px 0px 0px;\"><style type=\"text\/css\"><\/style><div class=\"fusion-title title fusion-title-1 fusion-sep-none fusion-title-center fusion-title-text fusion-title-size-six\" style=\"margin-top:0px;margin-bottom:15px;\"><h6 class=\"title-heading-center\" style=\"margin:0;\">SUIVEZ LES DRAGONS AU PALAIS SAINT-SAUVEUR !<\/h6><\/div><div class=\"fusion-text fusion-text-1\"><p style=\"text-align: center;\"><span style=\"caret-color: #000000;\"><span style=\"color: #000000;\">\u00c0 l&rsquo;occasion de la 3e journ\u00e9e de Leaders Cup, DENAIN VOLTAIRE BASKETBALL vous offre la possibilit\u00e9 de venir supporter les Dragons au Palais Saint-Sauveur face \u00e0 Lille, ce mardi 26 septembre !<\/span><\/span><\/p>\n<p style=\"text-align: center;\"><span style=\"color: #000000;\">Inscrivez-vous d\u00e8s maintenant pour participer \u00e0 ce d\u00e9placement : Tarif de 15\u20ac grand public et 10\u20ac tarif abonn\u00e9 et enfant comprenant l&rsquo;aller-retour en bus et le ticket du match, d\u00e9part \u00e0 18h15 du Complexe Sportif.<\/span><\/p>\n<\/div><div class=\"fusion-clearfix\"><\/div><\/div><\/div><\/div><style type=\"text\/css\">.fusion-fullwidth.fusion-builder-row-2 { overflow:visible; }<\/style><\/div><div class=\"fusion-fullwidth fullwidth-box fusion-builder-row-3 nonhundred-percent-fullwidth non-hundred-percent-height-scrolling\" style=\"background-color: #ffffff;background-position: left top;background-repeat: no-repeat;padding-top:20px;padding-right:20px;padding-bottom:20px;padding-left:20px;margin-bottom: 0px;margin-top: 0px;border-width: 0px 0px 0px 0px;border-color:#eae9e9;border-style:solid;\" ><div class=\"fusion-builder-row fusion-row\"><div class=\"fusion-layout-column fusion_builder_column fusion-builder-column-2 fusion_builder_column_1_1 1_1 fusion-one-full fusion-column-first fusion-column-last\" style=\"margin-top:0px;margin-bottom:0px;\"><div class=\"fusion-column-wrapper fusion-flex-column-wrapper-legacy\" style=\"background-position:left top;background-repeat:no-repeat;-webkit-background-size:cover;-moz-background-size:cover;-o-background-size:cover;background-size:cover;padding: 0px 0px 0px 0px;\"><div class=\"fusion-text fusion-text-2\">\n                <div class='gf_browser_gecko gform_wrapper' id='gform_wrapper_52' ><form method='post' enctype='multipart\/form-data'  id='gform_52'  action='\/wp2016\/wp-json\/wp\/v2\/pages\/10409'>\n                        <div class='gform_heading'>\n                            <h3 class='gform_title'>FORMULAIRE LILLE \/ DENAIN LDC<\/h3>\n                            <span class='gform_description'><\/span>\n                        <\/div>\n                        <div class='gform_body'><ul id='gform_fields_52' class='gform_fields top_label form_sublabel_below description_below'><li id='field_52_1' class='gfield gfield_contains_required field_sublabel_below field_description_below' ><label class='gfield_label' for='input_52_1_3' >Informations<span class='gfield_required'>*<\/span><\/label><div class='ginput_complex ginput_container no_prefix has_first_name no_middle_name has_last_name no_suffix' id='input_52_1'>\n                            \n                            <span id='input_52_1_3_container' class='name_first' >\n                                                    <input type='text' name='input_1.3' id='input_52_1_3' value='' aria-label='First name' tabindex='2'  \/>\n                                                    <label for='input_52_1_3' >Nom<\/label>\n                                                <\/span>\n                            \n                            <span id='input_52_1_6_container' class='name_last' >\n                                                    <input type='text' name='input_1.6' id='input_52_1_6' value='' aria-label='Last name' tabindex='4'  \/>\n                                                    <label for='input_52_1_6' >Pr\u00e9nom<\/label>\n                                                <\/span>\n                            \n                        <\/div><\/li><li id='field_52_2' class='gfield gfield_contains_required field_sublabel_below field_description_below' ><label class='gfield_label' for='input_52_2' >Nombre de places<span class='gfield_required'>*<\/span><\/label><div class='ginput_container'><input name='input_2' id='input_52_2' type='text'    value='' class='medium' tabindex='6'    \/><\/div><\/li><li id='field_52_3' class='gfield gfield_contains_required field_sublabel_below field_description_below' ><label class='gfield_label' for='input_52_3' >Email<span class='gfield_required'>*<\/span><\/label><div class='ginput_container'>\n                            <input name='input_3' id='input_52_3' type='text' value='' class='medium' tabindex='7'   \/>\n                        <\/div><\/li><li id='field_52_4' class='gfield gfield_contains_required field_sublabel_below field_description_below' ><label class='gfield_label' for='input_52_4' >T\u00e9l\u00e9phone<span class='gfield_required'>*<\/span><\/label><div class='ginput_container'><input name='input_4' id='input_52_4' type='text' value='' class='medium' tabindex='8'   \/><\/div><\/li>\n                            <\/ul><\/div>\n        <div class='gform_footer top_label'> <input type='submit' id='gform_submit_button_52' class='gform_button button' value='Envoyer' tabindex='9' onclick='if(window[\"gf_submitting_52\"]){return false;}  window[\"gf_submitting_52\"]=true;  ' \/> \n            <input type='hidden' class='gform_hidden' name='is_submit_52' value='1' \/>\n            <input type='hidden' class='gform_hidden' name='gform_submit' value='52' \/>\n            \n            <input type='hidden' class='gform_hidden' name='gform_unique_id' value='' \/>\n            <input type='hidden' class='gform_hidden' name='state_52' value='WyJbXSIsIjM1NzMxNzg2YWQ5YjcyZjM4MmE1MjgzZTNkMTFkMmRmIl0=' \/>\n            <input type='hidden' class='gform_hidden' name='gform_target_page_number_52' id='gform_target_page_number_52' value='0' \/>\n            <input type='hidden' class='gform_hidden' name='gform_source_page_number_52' id='gform_source_page_number_52' value='1' \/>\n            <input type='hidden' name='gform_field_values' value='' \/>\n            \n        <\/div>\n                        <\/form>\n                        <\/div><script type='text\/javascript'> jQuery(document).bind('gform_post_render', function(event, formId, currentPage){if(formId == 52) {if(!\/(android)\/i.test(navigator.userAgent)){jQuery('#input_52_4').mask('(999) 999-9999').bind('keypress', function(e){if(e.which == 13){jQuery(this).blur();} } );}} } );jQuery(document).bind('gform_post_conditional_logic', function(event, formId, fields, isInit){} );<\/script><script type='text\/javascript'> jQuery(document).ready(function(){jQuery(document).trigger('gform_post_render', [52, 1]) } ); <\/script>\n<\/div><div class=\"fusion-clearfix\"><\/div><\/div><\/div><\/div><\/div><div class=\"fusion-fullwidth fullwidth-box fusion-builder-row-4 nonhundred-percent-fullwidth non-hundred-percent-height-scrolling\" style=\"background-color: rgba(255,255,255,0);background-position: left top;background-repeat: no-repeat;padding-top:20px;padding-right:0px;padding-bottom:20px;padding-left:0px;margin-bottom: 0px;margin-top: 0px;border-width: 0px 0px 0px 0px;border-color:#eae9e9;border-style:solid;\" ><div class=\"fusion-builder-row fusion-row\"><div class=\"fusion-layout-column fusion_builder_column fusion-builder-column-3 fusion_builder_column_1_4 1_4 fusion-one-fourth fusion-column-first fusion-column-inner-bg-wrapper\" style=\"width:22%; margin-right: 4%;margin-top:5px;margin-bottom:5px;\"><div class=\"fusion-column-wrapper fusion-flex-column-wrapper-legacy\" style=\"padding: 70px 0px 40px 0px;\" data-bg-url=\"http:\/\/www.denainvoltairehainaut-basket.fr\/wp2016\/wp-content\/uploads\/2016\/07\/ui-bg-equipe-1.jpg\"><div class=\"fusion-column-content-centered\"><div class=\"fusion-column-content\"><div class=\"fusion-text fusion-text-3\"><h2 style=\"text-align: center;\"><img loading=\"lazy\" class=\"alignnone size-full wp-image-309\" src=\"http:\/\/www.denainvoltairehainaut-basket.fr\/wp2016\/wp-content\/uploads\/2016\/07\/ui-icon-equipe-1.png\" alt=\"ui-icon-equipe\" width=\"61\" height=\"61\" \/><\/h2>\n<h3 style=\"text-align: center;\">l&rsquo;Equipe<\/h3>\n<\/div><\/div><\/div><div class=\"fusion-clearfix\"><\/div><\/div><span class=\"fusion-column-inner-bg hover-type-zoomin\"><a href=\"http:\/\/www.denainvoltairehainaut-basket.fr\/wp2016\/pro-b\/\"><span class=\"fusion-column-inner-bg-image\" style=\"background-image: url(&#039;http:\/\/www.denainvoltairehainaut-basket.fr\/wp2016\/wp-content\/uploads\/2016\/07\/ui-bg-equipe-1.jpg&#039;);background-position:center center;background-repeat:no-repeat;-webkit-background-size:cover;-moz-background-size:cover;-o-background-size:cover;background-size:cover;\"><\/span><\/a><\/span><\/div><div class=\"fusion-layout-column fusion_builder_column fusion-builder-column-4 fusion_builder_column_1_4 1_4 fusion-one-fourth fusion-column-inner-bg-wrapper\" style=\"width:22%; margin-right: 4%;margin-top:5px;margin-bottom:5px;\"><div class=\"fusion-column-wrapper fusion-flex-column-wrapper-legacy\" style=\"padding: 70px 0px 40px 0px;\" data-bg-url=\"http:\/\/www.denainvoltairehainaut-basket.fr\/wp2016\/wp-content\/uploads\/2016\/07\/ui-bg-calendrier-1.jpg\"><div class=\"fusion-column-content-centered\"><div class=\"fusion-column-content\"><div class=\"fusion-text fusion-text-4\"><h2 style=\"text-align: center;\"><img loading=\"lazy\" class=\"alignnone size-full wp-image-307\" src=\"http:\/\/www.denainvoltairehainaut-basket.fr\/wp2016\/wp-content\/uploads\/2016\/07\/ui-icon-calendrier-1.png\" alt=\"ui-icon-calendrier\" width=\"55\" height=\"62\" \/><\/h2>\n<h3 style=\"text-align: center;\">Calendrier<\/h3>\n<\/div><\/div><\/div><div class=\"fusion-clearfix\"><\/div><\/div><span class=\"fusion-column-inner-bg hover-type-zoomin\"><a href=\"http:\/\/www.denainvoltairehainaut-basket.fr\/wp2016\/calendrier-de-la-pro-b\/\"><span class=\"fusion-column-inner-bg-image\" style=\"background-image: url(&#039;http:\/\/www.denainvoltairehainaut-basket.fr\/wp2016\/wp-content\/uploads\/2016\/07\/ui-bg-calendrier-1.jpg&#039;);background-position:center center;background-repeat:no-repeat;-webkit-background-size:cover;-moz-background-size:cover;-o-background-size:cover;background-size:cover;\"><\/span><\/a><\/span><\/div><div class=\"fusion-layout-column fusion_builder_column fusion-builder-column-5 fusion_builder_column_1_4 1_4 fusion-one-fourth fusion-column-inner-bg-wrapper\" style=\"width:22%; margin-right: 4%;margin-top:5px;margin-bottom:5px;\"><div class=\"fusion-column-wrapper fusion-flex-column-wrapper-legacy\" style=\"padding: 70px 0px 40px 0px;\" data-bg-url=\"http:\/\/www.denainvoltairehainaut-basket.fr\/wp2016\/wp-content\/uploads\/2016\/07\/ui-bg-billetterie-1.jpg\"><div class=\"fusion-column-content-centered\"><div class=\"fusion-column-content\"><div class=\"fusion-text fusion-text-5\"><h2 style=\"text-align: center;\"><img loading=\"lazy\" class=\"alignnone size-full wp-image-306\" src=\"http:\/\/www.denainvoltairehainaut-basket.fr\/wp2016\/wp-content\/uploads\/2016\/07\/ui-icon-billetterie-1.png\" alt=\"ui-icon-billetterie\" width=\"76\" height=\"63\" \/><\/h2>\n<h3 style=\"text-align: center;\">Billetterie<\/h3>\n<\/div><\/div><\/div><div class=\"fusion-clearfix\"><\/div><\/div><span class=\"fusion-column-inner-bg hover-type-zoomin\"><a href=\"http:\/\/www.digitick.com\/index-css5-ascdenain-pg1.html\"><span class=\"fusion-column-inner-bg-image\" style=\"background-image: url(&#039;http:\/\/www.denainvoltairehainaut-basket.fr\/wp2016\/wp-content\/uploads\/2016\/07\/ui-bg-billetterie-1.jpg&#039;);background-position:center center;background-repeat:no-repeat;-webkit-background-size:cover;-moz-background-size:cover;-o-background-size:cover;background-size:cover;\"><\/span><\/a><\/span><\/div><div class=\"fusion-layout-column fusion_builder_column fusion-builder-column-6 fusion_builder_column_1_4 1_4 fusion-one-fourth fusion-column-last fusion-column-inner-bg-wrapper\" style=\"width:22%;margin-top:5px;margin-bottom:5px;\"><div class=\"fusion-column-wrapper fusion-flex-column-wrapper-legacy\" style=\"padding: 70px 0px 40px 0px;\" data-bg-url=\"http:\/\/www.denainvoltairehainaut-basket.fr\/wp2016\/wp-content\/uploads\/2016\/07\/ui-bg-conference-1.jpg\"><div class=\"fusion-column-content-centered\"><div class=\"fusion-column-content\"><div class=\"fusion-text fusion-text-6\"><h2 style=\"text-align: center;\"><img loading=\"lazy\" class=\"alignnone size-full wp-image-308\" src=\"http:\/\/www.denainvoltairehainaut-basket.fr\/wp2016\/wp-content\/uploads\/2016\/07\/ui-icon-conference-1.png\" alt=\"ui-icon-conference\" width=\"75\" height=\"58\" \/><\/h2>\n<h3 style=\"text-align: center;\">Formation<\/h3>\n<\/div><\/div><\/div><div class=\"fusion-clearfix\"><\/div><\/div><span class=\"fusion-column-inner-bg hover-type-zoomin\"><a href=\"http:\/\/www.denainvoltairehainaut-basket.fr\/wp2016\/coaching\/\"><span class=\"fusion-column-inner-bg-image\" style=\"background-image: url(&#039;http:\/\/www.denainvoltairehainaut-basket.fr\/wp2016\/wp-content\/uploads\/2016\/07\/ui-bg-conference-1.jpg&#039;);background-position:center center;background-repeat:no-repeat;-webkit-background-size:cover;-moz-background-size:cover;-o-background-size:cover;background-size:cover;\"><\/span><\/a><\/span><\/div><\/div><\/div><div class=\"fusion-fullwidth fullwidth-box fusion-builder-row-5 hundred-percent-fullwidth non-hundred-percent-height-scrolling\" style=\"background-color: rgba(255,255,255,0);background-position: center center;background-repeat: no-repeat;padding-top:0px;padding-right:0px;padding-bottom:0px;padding-left:0px;margin-bottom: 0px;margin-top: 0px;border-width: 0px 0px 0px 0px;border-color:#eae9e9;border-style:solid;\" ><div class=\"fusion-builder-row fusion-row\"><div class=\"fusion-layout-column fusion_builder_column fusion-builder-column-7 fusion_builder_column_2_3 2_3 fusion-two-third fusion-column-first titre-bloc\" style=\"width:65.3333%; margin-right: 4%;margin-top:0px;margin-bottom:0px;\"><div class=\"fusion-column-wrapper fusion-flex-column-wrapper-legacy\" style=\"background-position:left top;background-repeat:no-repeat;-webkit-background-size:cover;-moz-background-size:cover;-o-background-size:cover;background-size:cover;padding: 0px 20px 0px 20px;\"><style type=\"text\/css\"><\/style><div class=\"fusion-title title fusion-title-2 fusion-sep-none fusion-title-text fusion-title-size-six\" style=\"margin-top:0px;margin-bottom:15px;\"><h6 class=\"title-heading-left\" style=\"margin:0;\">PARTENAIRES<\/h6><\/div><div class=\"fusion-clearfix\"><\/div><\/div><\/div><div class=\"fusion-layout-column fusion_builder_column fusion-builder-column-8 fusion_builder_column_1_1 1_1 fusion-one-full fusion-column-last\" style=\"margin-top:5px;margin-bottom:5px;\"><div class=\"fusion-column-wrapper fusion-flex-column-wrapper-legacy\" style=\"background-position:left top;background-repeat:no-repeat;-webkit-background-size:cover;-moz-background-size:cover;-o-background-size:cover;background-size:cover;background-color:#ffffff;padding: 20px 20px 20px 20px;\"><div class=\"fusion-image-carousel fusion-image-carousel-fixed\"><div class=\"fusion-carousel\" data-autoplay=\"yes\" data-columns=\"6\" data-itemmargin=\"13\" data-itemwidth=\"180\" data-touchscroll=\"no\" data-imagesize=\"fixed\"><div class=\"fusion-carousel-positioner\"><ul class=\"fusion-carousel-holder\"><li class=\"fusion-carousel-item\"><div class=\"fusion-carousel-item-wrapper\"><div class=\"fusion-image-wrapper hover-type-zoomin\"><img width=\"320\" height=\"202\" src=\"http:\/\/www.denainvoltairehainaut-basket.fr\/wp2016\/wp-content\/uploads\/2025\/09\/LaPorteduHainaut2025-320x202.png\" class=\"attachment-blog-medium size-blog-medium\" alt=\"logo CAPH\" loading=\"lazy\" \/><\/div><\/div><\/li><li class=\"fusion-carousel-item\"><div class=\"fusion-carousel-item-wrapper\"><div class=\"fusion-image-wrapper hover-type-zoomin\"><img width=\"167\" height=\"122\" src=\"http:\/\/www.denainvoltairehainaut-basket.fr\/wp2016\/wp-content\/uploads\/2020\/09\/partenaires-nord.jpg\" class=\"attachment-blog-medium size-blog-medium\" alt=\"\" loading=\"lazy\" \/><\/div><\/div><\/li><li class=\"fusion-carousel-item\"><div class=\"fusion-carousel-item-wrapper\"><div class=\"fusion-image-wrapper hover-type-zoomin\"><img width=\"167\" height=\"122\" src=\"http:\/\/www.denainvoltairehainaut-basket.fr\/wp2016\/wp-content\/uploads\/2020\/09\/partenaires-hauts-france.jpg\" class=\"attachment-blog-medium size-blog-medium\" alt=\"\" loading=\"lazy\" \/><\/div><\/div><\/li><li class=\"fusion-carousel-item\"><div class=\"fusion-carousel-item-wrapper\"><div class=\"fusion-image-wrapper hover-type-zoomin\"><img width=\"167\" height=\"122\" src=\"http:\/\/www.denainvoltairehainaut-basket.fr\/wp2016\/wp-content\/uploads\/2020\/09\/partenaires-denain.jpg\" class=\"attachment-blog-medium size-blog-medium\" alt=\"\" loading=\"lazy\" \/><\/div><\/div><\/li><li class=\"fusion-carousel-item\"><div class=\"fusion-carousel-item-wrapper\"><div class=\"fusion-image-wrapper hover-type-zoomin\"><img width=\"320\" height=\"202\" src=\"http:\/\/www.denainvoltairehainaut-basket.fr\/wp2016\/wp-content\/uploads\/2025\/09\/SKF-2408-600x400-1-320x202.jpg\" class=\"attachment-blog-medium size-blog-medium\" alt=\"skf\" loading=\"lazy\" \/><\/div><\/div><\/li><li class=\"fusion-carousel-item\"><div class=\"fusion-carousel-item-wrapper\"><div class=\"fusion-image-wrapper hover-type-zoomin\"><img width=\"320\" height=\"202\" src=\"http:\/\/www.denainvoltairehainaut-basket.fr\/wp2016\/wp-content\/uploads\/2025\/09\/hdf-logo-320x202.jpg\" class=\"attachment-blog-medium size-blog-medium\" alt=\"\" loading=\"lazy\" \/><\/div><\/div><\/li><li class=\"fusion-carousel-item\"><div class=\"fusion-carousel-item-wrapper\"><div class=\"fusion-image-wrapper hover-type-zoomin\"><img width=\"167\" height=\"122\" src=\"http:\/\/www.denainvoltairehainaut-basket.fr\/wp2016\/wp-content\/uploads\/2023\/11\/lesaffre.jpg\" class=\"attachment-blog-medium size-blog-medium\" alt=\"\" loading=\"lazy\" \/><\/div><\/div><\/li><li class=\"fusion-carousel-item\"><div class=\"fusion-carousel-item-wrapper\"><div class=\"fusion-image-wrapper hover-type-zoomin\"><img width=\"167\" height=\"122\" src=\"http:\/\/www.denainvoltairehainaut-basket.fr\/wp2016\/wp-content\/uploads\/2023\/03\/partenaires-tcl.jpg\" class=\"attachment-blog-medium size-blog-medium\" alt=\"\" loading=\"lazy\" \/><\/div><\/div><\/li><li class=\"fusion-carousel-item\"><div class=\"fusion-carousel-item-wrapper\"><div class=\"fusion-image-wrapper hover-type-zoomin\"><img width=\"320\" height=\"77\" src=\"http:\/\/www.denainvoltairehainaut-basket.fr\/wp2016\/wp-content\/uploads\/2025\/09\/logo-terenvinew-320x77.png\" class=\"attachment-blog-medium size-blog-medium\" alt=\"\" loading=\"lazy\" srcset=\"http:\/\/www.denainvoltairehainaut-basket.fr\/wp2016\/wp-content\/uploads\/2025\/09\/logo-terenvinew-200x48.png 200w, http:\/\/www.denainvoltairehainaut-basket.fr\/wp2016\/wp-content\/uploads\/2025\/09\/logo-terenvinew.png 324w\" sizes=\"(min-width: 2200px) 100vw, (min-width: 1000px) 173px, (min-width: 928px) 207px, (min-width: 856px) 259px, (min-width: 784px) 345px, (min-width: 712px) 518px, (min-width: 640px) 712px, \" \/><\/div><\/div><\/li><li class=\"fusion-carousel-item\"><div class=\"fusion-carousel-item-wrapper\"><div class=\"fusion-image-wrapper hover-type-zoomin\"><img width=\"320\" height=\"202\" src=\"http:\/\/www.denainvoltairehainaut-basket.fr\/wp2016\/wp-content\/uploads\/2025\/09\/jean-lefebvre-logo-png-transparent-320x202.png\" class=\"attachment-blog-medium size-blog-medium\" alt=\"\" loading=\"lazy\" \/><\/div><\/div><\/li><\/ul><div class=\"fusion-carousel-nav\"><span class=\"fusion-nav-prev\"><\/span><span class=\"fusion-nav-next\"><\/span><\/div><\/div><\/div><\/div><div class=\"fusion-clearfix\"><\/div><\/div><\/div><\/div><style type=\"text\/css\">.fusion-fullwidth.fusion-builder-row-5 { overflow:visible; }<\/style><\/div><\/p>\n","protected":false},"excerpt":{"rendered":"","protected":false},"author":1,"featured_media":0,"parent":0,"menu_order":0,"comment_status":"closed","ping_status":"closed","template":"","meta":[],"_links":{"self":[{"href":"http:\/\/www.denainvoltairehainaut-basket.fr\/wp2016\/wp-json\/wp\/v2\/pages\/10409"}],"collection":[{"href":"http:\/\/www.denainvoltairehainaut-basket.fr\/wp2016\/wp-json\/wp\/v2\/pages"}],"about":[{"href":"http:\/\/www.denainvoltairehainaut-basket.fr\/wp2016\/wp-json\/wp\/v2\/types\/page"}],"author":[{"embeddable":true,"href":"http:\/\/www.denainvoltairehainaut-basket.fr\/wp2016\/wp-json\/wp\/v2\/users\/1"}],"replies":[{"embeddable":true,"href":"http:\/\/www.denainvoltairehainaut-basket.fr\/wp2016\/wp-json\/wp\/v2\/comments?post=10409"}],"version-history":[{"count":5,"href":"http:\/\/www.denainvoltairehainaut-basket.fr\/wp2016\/wp-json\/wp\/v2\/pages\/10409\/revisions"}],"predecessor-version":[{"id":10426,"href":"http:\/\/www.denainvoltairehainaut-basket.fr\/wp2016\/wp-json\/wp\/v2\/pages\/10409\/revisions\/10426"}],"wp:attachment":[{"href":"http:\/\/www.denainvoltairehainaut-basket.fr\/wp2016\/wp-json\/wp\/v2\/media?parent=10409"}],"curies":[{"name":"wp","href":"https:\/\/api.w.org\/{rel}","templated":true}]}}